{"id":1220,"date":"2023-04-07T14:54:10","date_gmt":"2023-04-07T12:54:10","guid":{"rendered":"http:\/\/www.lauriweb.it\/?page_id=1220"},"modified":"2024-05-02T10:23:12","modified_gmt":"2024-05-02T08:23:12","slug":"frigo-lamar","status":"publish","type":"page","link":"https:\/\/www.lauriweb.it\/de\/frigo-lamar\/","title":{"rendered":"K\u00dcHLAGGREGAT LAMAR"},"content":{"rendered":"<section class='page-content' style=''  ><section class='container'><div class='row' style=''><div class='col-md-12 empty' style='' ><\/div><\/div><\/section><\/section><section class='page-content' style=''  ><section class='container'><div class='row' style=''><div class='col-md-12' style='' ><img src='https:\/\/www.lauriweb.it\/wp-content\/uploads\/2022\/04\/FrigoLAmar-300x120.jpg' class='center' title='FrigoLAmar' alt='FrigoLAmar' width='300' height='120'\/><div class='clearfix'><\/div><\/div><\/div><div class='row' style=''><div class='col-md-12' style='' ><div class='custom-heading02'>\r\n                            <h2>K\u00dcHLAGGREGAT LAMAR<\/h2>\r\n                            <p>K\u00fchlger\u00e4te zur Erf\u00fcllung der Kundenanforderungen<\/p>\r\n                        <\/div><\/div><\/div><\/section><\/section><section class='page-content' style=''  ><section class='container'><div class='row' style=''><div class='col-md-6 empty' style='' ><\/div><div class='col-md-6 empty' style='' ><\/div><\/div><\/section><\/section><section class='page-content' style=''  ><section class='container'><div class='row' style=''><div class='col-md-4' style='' ><div class='services-element service-icon-left'>\r\n                            <div class='icon-container' >\r\n                                <img src='https:\/\/www.lauriweb.it\/wp-content\/uploads\/bfi_thumb\/truck3-q78abpxt4i7aqork1njlchv9vhc5b05zsa9rqnqgh4.png' alt='checklist icon'>\r\n                            <\/div>\r\n\r\n                            <div class='service-details'>\r\n                                <h3>Kastenwagen<\/h3>\r\n\r\n                                <p>Kleine und mittelgro\u00dfe Kastenwagen. <br>\nBis zu 3,4 kW K\u00fchlleistung. <br>\nBis zu 27 Kubikmeter. <br>\nIntegriert, Dachmontage, Nischenmontage, Anbaumontage. <br>\n<\/p>\r\n                            <\/div>\r\n                        <\/div><a href='https:\/\/www.lauriweb.it\/de\/furgoni\/' class='btn blue btn-small btn-centered'  ><span> Entdecken <\/span><\/a><div class='clearfix'><\/div><\/div><div class='col-md-4' style='' ><div class='services-element service-icon-left'>\r\n                            <div class='icon-container' >\r\n                                <img src='https:\/\/www.lauriweb.it\/wp-content\/uploads\/bfi_thumb\/truck-q78abpxt4i7aqork1njlchv9vhc5b05zsa9rqnqgh4.png' alt='checklist icon'>\r\n                            <\/div>\r\n\r\n                            <div class='service-details'>\r\n                                <h3>Kofferfahrzeuge und Motorwagen<\/h3>\r\n\r\n                                <p>Bis zu 5,4 kW K\u00fchlleistung <br>\nBis zu 40 Kubikmeter <br>\nAnbaumontage <br>\n<\/p>\r\n                            <\/div>\r\n                        <\/div><div style='margin-top: 44px;' class=''><a href='https:\/\/www.lauriweb.it\/de\/cabinati\/' class='btn blue btn-small btn-centered'  ><span> Entdecken <\/span><\/a><div class='clearfix'><\/div><\/div><\/div><div class='col-md-4' style='' ><div class='services-element service-icon-left'>\r\n                            <div class='icon-container' >\r\n                                <img src='https:\/\/www.lauriweb.it\/wp-content\/uploads\/bfi_thumb\/truck2-q78abpxt4i7aqork1njlchv9vhc5b05zsa9rqnqgh4.png' alt='checklist icon'>\r\n                            <\/div>\r\n\r\n                            <div class='service-details'>\r\n                                <h3>Elektrofahrzeuge<\/h3>\r\n\r\n                                <p>K\u00fchl &amp; Tiefk\u00fchl <br>\nIsoliert &amp; zugf\u00e4hig <br>\nBis zu 8 Stunden K\u00e4lteversorgung <br>\nBis zu 15 m3 Volumen <br>\n<\/p>\r\n                            <\/div>\r\n                        <\/div><div style='margin-top: 27px;' class=''><a href='https:\/\/www.lauriweb.it\/de\/elettrificati\/' class='btn blue btn-small btn-centered'  ><span> Entdecken <\/span><\/a><div class='clearfix'><\/div><\/div><\/div><\/div><div class='row' style=''><div class='col-md-12' style='' ><div class='cma-wysiwyg-editor'><p style=\"text-align: justify;\">Frigolamar sorgt daf\u00fcr, dass die Ladung w\u00e4hrend des Transports unter idealen Bedingungen in einer stabilen, temperaturgeregelten Umgebung bleibt, um die Integrit\u00e4t der K\u00fchlkette zu gew\u00e4hrleisten.<\/p><p style=\"text-align: justify;\">Die Nachhaltigkeit der Produktpalette wird durch die Verwendung des K\u00e4ltemittels R452A in allen unseren Produkten gew\u00e4hrleistet, die derzeit weiterentwickelt werden, um vollelektrische Ger\u00e4te und Mehrtemperatur-L\u00f6sungen zu integrieren.<\/p><\/div><\/div><\/div><\/section><\/section><section class='page-content' style=''  ><section class='container'><div class='row' style=''><div class='col-md-12' style='' ><img src='https:\/\/www.lauriweb.it\/wp-content\/uploads\/2023\/04\/LAMARFRIGO.jpg' class='center' title='LAMARFRIGO' alt='LAMARFRIGO' width='1794' height='1100'\/><div class='clearfix'><\/div><\/div><\/div><\/section><\/section><section class='page-content' style=''  ><section class='container'><div class='row' style=''><div class='col-md-6' style='' ><div style='margin-top: 70px;' class=''><div class='cma-wysiwyg-editor'><p style=\"text-align: justify;\"><span style=\"color: #314167;\"><strong>Frigolamar bietet alles, was Sie brauchen, um Ihre Leistungserwartungen zu erf\u00fcllen: Die Lieferung von frischen und tiefgek\u00fchlten Produkten ist kein einfacher Prozess, und die richtige Ausr\u00fcstung ist der Schl\u00fcssel zum Erfolg. Unsere Technologien sind darauf ausgelegt, den Anforderungen sich wandelnder Branchen gerecht zu werden. Qualit\u00e4t ist ein Muss:<\/strong><\/span><\/p><\/div><\/div><div class='accordion'><div class='title active'><a title='Zuverl\u00e4ssigkeit durch strenge Tests' href='#tab-11'>Zuverl\u00e4ssigkeit durch strenge Tests<\/a><\/div><div class='content'><\/div><div class='title'><a title='Leistungen, die eine schnelle Erreichung des Sollwerts gew\u00e4hrleisten' href='#tab-22'>Leistungen, die eine schnelle Erreichung des Sollwerts gew\u00e4hrleisten<\/a><\/div><div class='content'><\/div><div class='title'><a title='Temperatur\u00fcberwachung mittels Software zum Schutz der Ladung' href='#tab-33'>Temperatur\u00fcberwachung mittels Software zum Schutz der Ladung<\/a><\/div><div class='content'><\/div><div class='title'><a title='Vielseitigkeit: Jede einzelne Einheit deckt Anwendungen bei positiven und negativen Temperaturen ab' href='#tab-44'>Vielseitigkeit: Jede einzelne Einheit deckt Anwendungen bei positiven und negativen Temperaturen ab<\/a><\/div><div class='content'><\/div><div class='title'><a title='Prodotto rispettoso dell'ambiente permette di accedere a zone traffico limitato' href =\"#tab-55\">Umweltfreundliches Produkt: erm\u00f6glicht die Zufahrt zu verkehrsberuhigten Zonen<\/a><\/div><div class='content'><\/div><div class='title'><a title='Optimiertes Gewicht erm\u00f6glicht h\u00f6here Belastung ' href='#tab-66'>Optimiertes Gewicht erm\u00f6glicht h\u00f6here Belastung <\/a><\/div><div class='content'><\/div><\/div><\/div><div class='col-md-6' style='' ><img src='https:\/\/www.lauriweb.it\/wp-content\/uploads\/2023\/04\/LAMARFRIGO1.jpg' class='left' title='LAMARFRIGO1' alt='LAMARFRIGO1' width='1080' height='1350'\/><div class='clearfix'><\/div><\/div><\/div><div class='row' style=''><div class='col-md-12' style='' ><img src='https:\/\/www.lauriweb.it\/wp-content\/uploads\/2026\/03\/20230215-sito-web.jpg' class='center' title='Infografica Lauri1' alt='Infografica Lauri1' width='1123' height='794'\/><div class='clearfix'><\/div><\/div><\/div><\/section><\/section>","protected":false},"excerpt":{"rendered":"","protected":false},"author":2,"featured_media":0,"parent":0,"menu_order":0,"comment_status":"closed","ping_status":"closed","template":"","meta":{"inline_featured_image":false,"_mi_skip_tracking":false,"_monsterinsights_sitenote_active":false,"_monsterinsights_sitenote_note":"","_monsterinsights_sitenote_category":0},"yoast_head":"<!-- This site is optimized with the Yoast SEO plugin v20.9 - https:\/\/yoast.com\/wordpress\/plugins\/seo\/ -->\n<title>FRIGO LAMAR - Lauri Web<\/title>\n<meta name=\"robots\" content=\"index, follow, max-snippet:-1, max-image-preview:large, max-video-preview:-1\" \/>\n<link rel=\"canonical\" href=\"https:\/\/www.lauriweb.it\/de\/frigo-lamar\/\" \/>\n<meta property=\"og:locale\" content=\"de_DE\" \/>\n<meta property=\"og:type\" content=\"article\" \/>\n<meta property=\"og:title\" content=\"FRIGO LAMAR - Lauri Web\" \/>\n<meta property=\"og:url\" content=\"https:\/\/www.lauriweb.it\/de\/frigo-lamar\/\" \/>\n<meta property=\"og:site_name\" content=\"Lauri Web\" \/>\n<meta property=\"article:modified_time\" content=\"2024-05-02T08:23:12+00:00\" \/>\n<meta name=\"twitter:card\" content=\"summary_large_image\" \/>\n<script type=\"application\/ld+json\" class=\"yoast-schema-graph\">{\"@context\":\"https:\/\/schema.org\",\"@graph\":[{\"@type\":\"WebPage\",\"@id\":\"https:\/\/www.lauriweb.it\/frigo-lamar\/\",\"url\":\"https:\/\/www.lauriweb.it\/frigo-lamar\/\",\"name\":\"FRIGO LAMAR - Lauri Web\",\"isPartOf\":{\"@id\":\"https:\/\/www.lauriweb.it\/#website\"},\"datePublished\":\"2023-04-07T12:54:10+00:00\",\"dateModified\":\"2024-05-02T08:23:12+00:00\",\"breadcrumb\":{\"@id\":\"https:\/\/www.lauriweb.it\/frigo-lamar\/#breadcrumb\"},\"inLanguage\":\"de\",\"potentialAction\":[{\"@type\":\"ReadAction\",\"target\":[\"https:\/\/www.lauriweb.it\/frigo-lamar\/\"]}]},{\"@type\":\"BreadcrumbList\",\"@id\":\"https:\/\/www.lauriweb.it\/frigo-lamar\/#breadcrumb\",\"itemListElement\":[{\"@type\":\"ListItem\",\"position\":1,\"name\":\"Home\",\"item\":\"https:\/\/www.lauriweb.it\/\"},{\"@type\":\"ListItem\",\"position\":2,\"name\":\"FRIGO LAMAR\"}]},{\"@type\":\"WebSite\",\"@id\":\"https:\/\/www.lauriweb.it\/#website\",\"url\":\"https:\/\/www.lauriweb.it\/\",\"name\":\"Lauri Web\",\"description\":\"Servizi integrati per la Refrigerazione\",\"publisher\":{\"@id\":\"https:\/\/www.lauriweb.it\/#organization\"},\"potentialAction\":[{\"@type\":\"SearchAction\",\"target\":{\"@type\":\"EntryPoint\",\"urlTemplate\":\"https:\/\/www.lauriweb.it\/?s={search_term_string}\"},\"query-input\":\"required name=search_term_string\"}],\"inLanguage\":\"de\"},{\"@type\":\"Organization\",\"@id\":\"https:\/\/www.lauriweb.it\/#organization\",\"name\":\"Lauri Web\",\"url\":\"https:\/\/www.lauriweb.it\/\",\"logo\":{\"@type\":\"ImageObject\",\"inLanguage\":\"de\",\"@id\":\"https:\/\/www.lauriweb.it\/#\/schema\/logo\/image\/\",\"url\":\"https:\/\/www.lauriweb.it\/wp-content\/uploads\/2022\/11\/LAURIWEB.png\",\"contentUrl\":\"https:\/\/www.lauriweb.it\/wp-content\/uploads\/2022\/11\/LAURIWEB.png\",\"width\":601,\"height\":234,\"caption\":\"Lauri Web\"},\"image\":{\"@id\":\"https:\/\/www.lauriweb.it\/#\/schema\/logo\/image\/\"}}]}<\/script>\n<!-- \/ Yoast SEO plugin. -->","yoast_head_json":{"title":"FRIGO LAMAR - Lauri Web","robots":{"index":"index","follow":"follow","max-snippet":"max-snippet:-1","max-image-preview":"max-image-preview:large","max-video-preview":"max-video-preview:-1"},"canonical":"https:\/\/www.lauriweb.it\/de\/frigo-lamar\/","og_locale":"de_DE","og_type":"article","og_title":"FRIGO LAMAR - Lauri Web","og_url":"https:\/\/www.lauriweb.it\/de\/frigo-lamar\/","og_site_name":"Lauri Web","article_modified_time":"2024-05-02T08:23:12+00:00","twitter_card":"summary_large_image","schema":{"@context":"https:\/\/schema.org","@graph":[{"@type":"WebPage","@id":"https:\/\/www.lauriweb.it\/frigo-lamar\/","url":"https:\/\/www.lauriweb.it\/frigo-lamar\/","name":"FRIGO LAMAR - Lauri Web","isPartOf":{"@id":"https:\/\/www.lauriweb.it\/#website"},"datePublished":"2023-04-07T12:54:10+00:00","dateModified":"2024-05-02T08:23:12+00:00","breadcrumb":{"@id":"https:\/\/www.lauriweb.it\/frigo-lamar\/#breadcrumb"},"inLanguage":"de","potentialAction":[{"@type":"ReadAction","target":["https:\/\/www.lauriweb.it\/frigo-lamar\/"]}]},{"@type":"BreadcrumbList","@id":"https:\/\/www.lauriweb.it\/frigo-lamar\/#breadcrumb","itemListElement":[{"@type":"ListItem","position":1,"name":"Home","item":"https:\/\/www.lauriweb.it\/"},{"@type":"ListItem","position":2,"name":"FRIGO LAMAR"}]},{"@type":"WebSite","@id":"https:\/\/www.lauriweb.it\/#website","url":"https:\/\/www.lauriweb.it\/","name":"Lauri Web","description":"Servizi integrati per la Refrigerazione","publisher":{"@id":"https:\/\/www.lauriweb.it\/#organization"},"potentialAction":[{"@type":"SearchAction","target":{"@type":"EntryPoint","urlTemplate":"https:\/\/www.lauriweb.it\/?s={search_term_string}"},"query-input":"required name=search_term_string"}],"inLanguage":"de"},{"@type":"Organization","@id":"https:\/\/www.lauriweb.it\/#organization","name":"Lauri Web","url":"https:\/\/www.lauriweb.it\/","logo":{"@type":"ImageObject","inLanguage":"de","@id":"https:\/\/www.lauriweb.it\/#\/schema\/logo\/image\/","url":"https:\/\/www.lauriweb.it\/wp-content\/uploads\/2022\/11\/LAURIWEB.png","contentUrl":"https:\/\/www.lauriweb.it\/wp-content\/uploads\/2022\/11\/LAURIWEB.png","width":601,"height":234,"caption":"Lauri Web"},"image":{"@id":"https:\/\/www.lauriweb.it\/#\/schema\/logo\/image\/"}}]}},"_links":{"self":[{"href":"https:\/\/www.lauriweb.it\/de\/wp-json\/wp\/v2\/pages\/1220"}],"collection":[{"href":"https:\/\/www.lauriweb.it\/de\/wp-json\/wp\/v2\/pages"}],"about":[{"href":"https:\/\/www.lauriweb.it\/de\/wp-json\/wp\/v2\/types\/page"}],"author":[{"embeddable":true,"href":"https:\/\/www.lauriweb.it\/de\/wp-json\/wp\/v2\/users\/2"}],"replies":[{"embeddable":true,"href":"https:\/\/www.lauriweb.it\/de\/wp-json\/wp\/v2\/comments?post=1220"}],"version-history":[{"count":23,"href":"https:\/\/www.lauriweb.it\/de\/wp-json\/wp\/v2\/pages\/1220\/revisions"}],"predecessor-version":[{"id":1378,"href":"https:\/\/www.lauriweb.it\/de\/wp-json\/wp\/v2\/pages\/1220\/revisions\/1378"}],"wp:attachment":[{"href":"https:\/\/www.lauriweb.it\/de\/wp-json\/wp\/v2\/media?parent=1220"}],"curies":[{"name":"wp","href":"https:\/\/api.w.org\/{rel}","templated":true}]}}