{"id":1321,"date":"2023-04-19T14:39:51","date_gmt":"2023-04-19T12:39:51","guid":{"rendered":"http:\/\/www.lauriweb.it\/?page_id=1321"},"modified":"2023-04-20T17:29:16","modified_gmt":"2023-04-20T15:29:16","slug":"elettrificati","status":"publish","type":"page","link":"https:\/\/www.lauriweb.it\/de\/elettrificati\/","title":{"rendered":"Elektrofahrzeuge"},"content":{"rendered":"<section class='page-content' style=''  ><section class='container'><div class='row' style=''><div class='col-md-6' style='' ><div class='custom-heading'>\r\n                            <h2>E-LMK 1.2<\/h2>                            \r\n                        <\/div><div class='cma-wysiwyg-editor'><p style=\"text-align: justify;\">Batteriebetriebenes K\u00fchlaggregat f\u00fcr kleine und mittelgro\u00dfe Fahrzeuge bis zu 9 m\u00b3 zur Bef\u00f6rderung temperaturgef\u00fchrter Waren.<\/p><p style=\"text-align: justify;\">Das aerodynamische und kompakte Design mit robuster ABS-Haube erm\u00f6glicht eine effiziente und optisch integrierte Dachmontage.\nDie intuitive Bedieneinheit im Fahrerhaus mit erweiterten Diagnosefunktionen macht das E-LMK 1.2 zur idealen L\u00f6sung f\u00fcr den emissionsfreien K\u00fchltransport.\n\nHochwertige Komponenten und eine hohe Betriebssicherheit gew\u00e4hrleisten einen wirtschaftlichen, benutzerfreundlichen und wartungsarmen Betrieb.<\/p><\/div><a href='https:\/\/www.lauriweb.it\/de\/compila-il-contact-form\/' class='btn blue btn-medium float-left'  ><span> TECHNISCHES DATENBLATT ANFORDERN<\/span><\/a><div class='clearfix'><\/div><\/div><div class='col-md-6' style='' ><img src='https:\/\/www.lauriweb.it\/wp-content\/uploads\/2023\/04\/Schermata-2023-04-19-alle-14.42.19.png' class='center' title='Schermata 2023-04-19 alle 14.42.19' alt='Schermata 2023-04-19 alle 14.42.19' width='999' height='550'\/><div class='clearfix'><\/div><\/div><\/div><div class='row' style=''><div class='col-md-6' style='' ><img src='https:\/\/www.lauriweb.it\/wp-content\/uploads\/2023\/04\/Schermata-2023-04-19-alle-14.46.12.png' class='center' title='Schermata 2023-04-19 alle 14.46.12' alt='Schermata 2023-04-19 alle 14.46.12' width='816' height='557'\/><div class='clearfix'><\/div><\/div><div class='col-md-6' style='' ><div class='custom-heading'>\r\n                            <h2>E-LMK 2.4<\/h2>                            \r\n                        <\/div><div class='cma-wysiwyg-editor'><p style=\"text-align: justify;\">Vollelektrisches Hochleistungs-K\u00fchlaggregat f\u00fcr mittelgro\u00dfe Elektrofahrzeuge bis zu 16 m2 zur Bef\u00f6rderung temperaturgef\u00fchrter Waren.<\/p><p style=\"text-align: justify;\">Das moderne Design mit widerstandsf\u00e4higer ABS-Haube erm\u00f6glicht die Montage an der Stirnwand des K\u00fchlaufbaus.\n\n\u00dcber die intuitive Benutzeroberfl\u00e4che lassen sich Systemstatus und Temperatur w\u00e4hrend der Fahrt in Echtzeit \u00fcberwachen und steuern.\n\nDas vollelektrische System ist sowohl mit reinen Elektrofahrzeugen als auch mit Fahrzeugen mit Verbrennungsmotor kompatibel.\nDer ultraflache Verdampfer maximiert das nutzbare Ladevolumen.\n\nDie leistungsstarke und gepr\u00fcfte Batterie gew\u00e4hrleistet zuverl\u00e4ssige K\u00fchlleistung und hohe Betriebssicherheit im t\u00e4glichen Einsatz.<\/p><\/div><a href='https:\/\/www.lauriweb.it\/de\/compila-il-contact-form\/' class='btn blue btn-medium float-left'  ><span> TECHNISCHES DATENBLATT ANFORDERN<\/span><\/a><div class='clearfix'><\/div><\/div><\/div><div class='row' style=''><div class='col-md-6' style='' ><div class='custom-heading'>\r\n                            <h2>E-LMK 3.4<\/h2>                            \r\n                        <\/div><div class='cma-wysiwyg-editor'><p style=\"text-align: justify;\">Vollelektrisches Hochleistungs-K\u00fchlaggregat f\u00fcr mittelgro\u00dfe Elektrofahrzeuge bis zu 16 m2 zur Bef\u00f6rderung temperaturgef\u00fchrter Waren.<\/p><p style=\"text-align: justify;\">Das aerodynamische und kompakte Design mit robuster ABS-Haube erm\u00f6glicht eine WLTP-konforme Dachmontage.\n\nDie moderne Steuerungseinheit erlaubt die kontinuierliche \u00dcberwachung des Systems sowie eine pr\u00e4zise Temperaturf\u00fchrung in Echtzeit w\u00e4hrend der Fahrt.\n\nDank des ultraflachen Verdampfers stellt das E-LMK 3.4 eine leistungsstarke und platzsparende L\u00f6sung f\u00fcr professionelle, emissionsfreie K\u00fchltransporte dar.\n\nQualit\u00e4tskomponenten und eine robuste Konstruktion sorgen f\u00fcr hohe Effizienz, Zuverl\u00e4ssigkeit und geringe Betriebskosten.<\/p><\/div><a href='https:\/\/www.lauriweb.it\/de\/compila-il-contact-form\/' class='btn blue btn-medium float-left'  ><span> TECHNISCHES DATENBLATT ANFORDERN<\/span><\/a><div class='clearfix'><\/div><\/div><div class='col-md-6' style='' ><img src='https:\/\/www.lauriweb.it\/wp-content\/uploads\/2023\/01\/elettricHOME.jpg' class='center' title='elettricHOME' alt='elettricHOME' width='1024' height='614'\/><div class='clearfix'><\/div><\/div><\/div><div class='row' style=''><div class='col-md-12 empty' style='' ><\/div><\/div><\/section><\/section>","protected":false},"excerpt":{"rendered":"","protected":false},"author":2,"featured_media":0,"parent":0,"menu_order":0,"comment_status":"closed","ping_status":"closed","template":"","meta":{"inline_featured_image":false,"_mi_skip_tracking":false,"_monsterinsights_sitenote_active":false,"_monsterinsights_sitenote_note":"","_monsterinsights_sitenote_category":0},"yoast_head":"<!-- This site is optimized with the Yoast SEO plugin v20.9 - https:\/\/yoast.com\/wordpress\/plugins\/seo\/ -->\n<title>Elettrificati - Lauri Web<\/title>\n<meta name=\"robots\" content=\"index, follow, max-snippet:-1, max-image-preview:large, max-video-preview:-1\" \/>\n<link rel=\"canonical\" href=\"https:\/\/www.lauriweb.it\/de\/elettrificati\/\" \/>\n<meta property=\"og:locale\" content=\"de_DE\" \/>\n<meta property=\"og:type\" content=\"article\" \/>\n<meta property=\"og:title\" content=\"Elettrificati - Lauri Web\" \/>\n<meta property=\"og:url\" content=\"https:\/\/www.lauriweb.it\/de\/elettrificati\/\" \/>\n<meta property=\"og:site_name\" content=\"Lauri Web\" \/>\n<meta property=\"article:modified_time\" content=\"2023-04-20T15:29:16+00:00\" \/>\n<meta name=\"twitter:card\" content=\"summary_large_image\" \/>\n<meta name=\"twitter:label1\" content=\"Gesch\u00e4tzte Lesezeit\" \/>\n\t<meta name=\"twitter:data1\" content=\"1\u00a0Minute\" \/>\n<script type=\"application\/ld+json\" class=\"yoast-schema-graph\">{\"@context\":\"https:\/\/schema.org\",\"@graph\":[{\"@type\":\"WebPage\",\"@id\":\"https:\/\/www.lauriweb.it\/elettrificati\/\",\"url\":\"https:\/\/www.lauriweb.it\/elettrificati\/\",\"name\":\"Elettrificati - Lauri Web\",\"isPartOf\":{\"@id\":\"https:\/\/www.lauriweb.it\/#website\"},\"datePublished\":\"2023-04-19T12:39:51+00:00\",\"dateModified\":\"2023-04-20T15:29:16+00:00\",\"breadcrumb\":{\"@id\":\"https:\/\/www.lauriweb.it\/elettrificati\/#breadcrumb\"},\"inLanguage\":\"de\",\"potentialAction\":[{\"@type\":\"ReadAction\",\"target\":[\"https:\/\/www.lauriweb.it\/elettrificati\/\"]}]},{\"@type\":\"BreadcrumbList\",\"@id\":\"https:\/\/www.lauriweb.it\/elettrificati\/#breadcrumb\",\"itemListElement\":[{\"@type\":\"ListItem\",\"position\":1,\"name\":\"Home\",\"item\":\"https:\/\/www.lauriweb.it\/\"},{\"@type\":\"ListItem\",\"position\":2,\"name\":\"Elettrificati\"}]},{\"@type\":\"WebSite\",\"@id\":\"https:\/\/www.lauriweb.it\/#website\",\"url\":\"https:\/\/www.lauriweb.it\/\",\"name\":\"Lauri Web\",\"description\":\"Servizi integrati per la Refrigerazione\",\"publisher\":{\"@id\":\"https:\/\/www.lauriweb.it\/#organization\"},\"potentialAction\":[{\"@type\":\"SearchAction\",\"target\":{\"@type\":\"EntryPoint\",\"urlTemplate\":\"https:\/\/www.lauriweb.it\/?s={search_term_string}\"},\"query-input\":\"required name=search_term_string\"}],\"inLanguage\":\"de\"},{\"@type\":\"Organization\",\"@id\":\"https:\/\/www.lauriweb.it\/#organization\",\"name\":\"Lauri Web\",\"url\":\"https:\/\/www.lauriweb.it\/\",\"logo\":{\"@type\":\"ImageObject\",\"inLanguage\":\"de\",\"@id\":\"https:\/\/www.lauriweb.it\/#\/schema\/logo\/image\/\",\"url\":\"https:\/\/www.lauriweb.it\/wp-content\/uploads\/2022\/11\/LAURIWEB.png\",\"contentUrl\":\"https:\/\/www.lauriweb.it\/wp-content\/uploads\/2022\/11\/LAURIWEB.png\",\"width\":601,\"height\":234,\"caption\":\"Lauri Web\"},\"image\":{\"@id\":\"https:\/\/www.lauriweb.it\/#\/schema\/logo\/image\/\"}}]}<\/script>\n<!-- \/ Yoast SEO plugin. -->","yoast_head_json":{"title":"Elettrificati - Lauri Web","robots":{"index":"index","follow":"follow","max-snippet":"max-snippet:-1","max-image-preview":"max-image-preview:large","max-video-preview":"max-video-preview:-1"},"canonical":"https:\/\/www.lauriweb.it\/de\/elettrificati\/","og_locale":"de_DE","og_type":"article","og_title":"Elettrificati - Lauri Web","og_url":"https:\/\/www.lauriweb.it\/de\/elettrificati\/","og_site_name":"Lauri Web","article_modified_time":"2023-04-20T15:29:16+00:00","twitter_card":"summary_large_image","twitter_misc":{"Gesch\u00e4tzte Lesezeit":"1\u00a0Minute"},"schema":{"@context":"https:\/\/schema.org","@graph":[{"@type":"WebPage","@id":"https:\/\/www.lauriweb.it\/elettrificati\/","url":"https:\/\/www.lauriweb.it\/elettrificati\/","name":"Elettrificati - Lauri Web","isPartOf":{"@id":"https:\/\/www.lauriweb.it\/#website"},"datePublished":"2023-04-19T12:39:51+00:00","dateModified":"2023-04-20T15:29:16+00:00","breadcrumb":{"@id":"https:\/\/www.lauriweb.it\/elettrificati\/#breadcrumb"},"inLanguage":"de","potentialAction":[{"@type":"ReadAction","target":["https:\/\/www.lauriweb.it\/elettrificati\/"]}]},{"@type":"BreadcrumbList","@id":"https:\/\/www.lauriweb.it\/elettrificati\/#breadcrumb","itemListElement":[{"@type":"ListItem","position":1,"name":"Home","item":"https:\/\/www.lauriweb.it\/"},{"@type":"ListItem","position":2,"name":"Elettrificati"}]},{"@type":"WebSite","@id":"https:\/\/www.lauriweb.it\/#website","url":"https:\/\/www.lauriweb.it\/","name":"Lauri Web","description":"Servizi integrati per la Refrigerazione","publisher":{"@id":"https:\/\/www.lauriweb.it\/#organization"},"potentialAction":[{"@type":"SearchAction","target":{"@type":"EntryPoint","urlTemplate":"https:\/\/www.lauriweb.it\/?s={search_term_string}"},"query-input":"required name=search_term_string"}],"inLanguage":"de"},{"@type":"Organization","@id":"https:\/\/www.lauriweb.it\/#organization","name":"Lauri Web","url":"https:\/\/www.lauriweb.it\/","logo":{"@type":"ImageObject","inLanguage":"de","@id":"https:\/\/www.lauriweb.it\/#\/schema\/logo\/image\/","url":"https:\/\/www.lauriweb.it\/wp-content\/uploads\/2022\/11\/LAURIWEB.png","contentUrl":"https:\/\/www.lauriweb.it\/wp-content\/uploads\/2022\/11\/LAURIWEB.png","width":601,"height":234,"caption":"Lauri Web"},"image":{"@id":"https:\/\/www.lauriweb.it\/#\/schema\/logo\/image\/"}}]}},"_links":{"self":[{"href":"https:\/\/www.lauriweb.it\/de\/wp-json\/wp\/v2\/pages\/1321"}],"collection":[{"href":"https:\/\/www.lauriweb.it\/de\/wp-json\/wp\/v2\/pages"}],"about":[{"href":"https:\/\/www.lauriweb.it\/de\/wp-json\/wp\/v2\/types\/page"}],"author":[{"embeddable":true,"href":"https:\/\/www.lauriweb.it\/de\/wp-json\/wp\/v2\/users\/2"}],"replies":[{"embeddable":true,"href":"https:\/\/www.lauriweb.it\/de\/wp-json\/wp\/v2\/comments?post=1321"}],"version-history":[{"count":10,"href":"https:\/\/www.lauriweb.it\/de\/wp-json\/wp\/v2\/pages\/1321\/revisions"}],"predecessor-version":[{"id":1333,"href":"https:\/\/www.lauriweb.it\/de\/wp-json\/wp\/v2\/pages\/1321\/revisions\/1333"}],"wp:attachment":[{"href":"https:\/\/www.lauriweb.it\/de\/wp-json\/wp\/v2\/media?parent=1321"}],"curies":[{"name":"wp","href":"https:\/\/api.w.org\/{rel}","templated":true}]}}