{"id":1336,"date":"2023-04-19T14:59:26","date_gmt":"2023-04-19T12:59:26","guid":{"rendered":"http:\/\/www.lauriweb.it\/?page_id=1336"},"modified":"2023-04-20T17:28:14","modified_gmt":"2023-04-20T15:28:14","slug":"furgoni","status":"publish","type":"page","link":"https:\/\/www.lauriweb.it\/de\/furgoni\/","title":{"rendered":"Kastenwagen"},"content":{"rendered":"<section class='page-content' style=''  ><section class='container'><div class='row' style=''><div class='col-md-6' style='' ><div class='custom-heading'>\r\n                            <h2>LMK 1.2<\/h2>                            \r\n                        <\/div><div class='cma-wysiwyg-editor'><p style=\"text-align: justify;\">Batteriebetriebenes K\u00fchlaggregat f\u00fcr kleine und mittelgro\u00dfe Fahrzeuge bis zu 9 m\u00b3 zur Bef\u00f6rderung temperaturgef\u00fchrter Waren.<\/p><p style=\"text-align: justify;\">Das aerodynamische und kompakte Design mit robuster ABS-Haube erm\u00f6glicht eine optisch ansprechende und funktionale Dachmontage.\nDie intuitive Bedieneinheit im Fahrerhaus mit erweiterten Diagnosefunktionen macht das LMK 1.2 zur idealen L\u00f6sung f\u00fcr anspruchsvolle Anwendungen.Hochwertige Komponenten und eine hohe Betriebssicherheit gew\u00e4hrleisten ein wirtschaftliches, benutzerfreundliches und wartungsarmes System.<\/p><\/div><a href='https:\/\/www.lauriweb.it\/de\/compila-il-contact-form\/' class='btn blue btn-medium float-left'  ><span> TECHNISCHES DATENBLATT ANFORDERN<\/span><\/a><div class='clearfix'><\/div><\/div><div class='col-md-6' style='' ><img src='https:\/\/www.lauriweb.it\/wp-content\/uploads\/2023\/04\/Schermata-2023-04-19-alle-14.59.04.png' class='center' title='Schermata 2023-04-19 alle 14.59.04' alt='Schermata 2023-04-19 alle 14.59.04' width='850' height='570'\/><div class='clearfix'><\/div><\/div><\/div><div class='row' style=''><div class='col-md-6' style='' ><img src='https:\/\/www.lauriweb.it\/wp-content\/uploads\/2023\/04\/Schermata-2023-04-19-alle-15.01.00.png' class='center' title='Schermata 2023-04-19 alle 15.01.00' alt='Schermata 2023-04-19 alle 15.01.00' width='1389' height='910'\/><div class='clearfix'><\/div><\/div><div class='col-md-6' style='' ><div class='custom-heading'>\r\n                            <h2>LMK 3.0 SLIM<\/h2>                            \r\n                        <\/div><div class='cma-wysiwyg-editor'><p style=\"text-align: justify;\">Motorgetriebenes K\u00fchlaggregat f\u00fcr mittelgro\u00dfe Fahrzeuge bis zu 22 m\u00b3 zur Bef\u00f6rderung temperaturgef\u00fchrter Waren.<\/p><p style=\"text-align: justify;\">Das aerodynamische und kompakte Design mit robuster ABS-Haube erlaubt eine WLTP-konforme Dachmontage.\n\u00dcber die intuitive Benutzeroberfl\u00e4che lassen sich Betriebszustand und Temperatur w\u00e4hrend der Fahrt in Echtzeit \u00fcberwachen und steuern.\n\nDank des ultraflachen Verdampfers ist das LMK 3.0 slim die optimale L\u00f6sung f\u00fcr moderne Nutzfahrzeuge.\n\nZuverl\u00e4ssige Qualit\u00e4tskomponenten sorgen f\u00fcr hohe Effizienz, Bedienkomfort und geringen Wartungsaufwand.<\/p><\/div><a href='https:\/\/www.lauriweb.it\/de\/compila-il-contact-form\/' class='btn blue btn-medium float-left'  ><span> TECHNISCHES DATENBLATT ANFORDERN<\/span><\/a><div class='clearfix'><\/div><\/div><\/div><div class='row' style=''><div class='col-md-6' style='' ><div class='custom-heading'>\r\n                            <h2>LMK 3.5 SLIM<\/h2>                            \r\n                        <\/div><div class='cma-wysiwyg-editor'><p style=\"text-align: justify;\">Motorgetriebenes K\u00fchlaggregat f\u00fcr mittelgro\u00dfe Fahrzeuge bis zu 26 m\u00b3 zur Bef\u00f6rderung temperaturgef\u00fchrter Waren.<\/p><p style=\"text-align: justify;\">Das aerodynamische und kompakte Design mit robuster ABS-Haube erm\u00f6glicht eine WLTP-konforme Dachmontage.\n\nDie moderne Steuerungseinheit erlaubt die kontinuierliche \u00dcberwachung des Systems sowie eine pr\u00e4zise Temperaturf\u00fchrung in Echtzeit w\u00e4hrend der Fahrt.\n\nDank des ultraflachen Verdampfers stellt das E-LMK 3.4 eine leistungsstarke und platzsparende L\u00f6sung f\u00fcr professionelle, emissionsfreie K\u00fchltransporte dar.\n\nQualit\u00e4tskomponenten und eine robuste Konstruktion sorgen f\u00fcr hohe Effizienz, Zuverl\u00e4ssigkeit und geringe Betriebskosten.<\/p><\/div><a href='https:\/\/www.lauriweb.it\/de\/compila-il-contact-form\/' class='btn blue btn-medium float-left'  ><span> TECHNISCHES DATENBLATT ANFORDERN<\/span><\/a><div class='clearfix'><\/div><\/div><div class='col-md-6' style='' ><img src='https:\/\/www.lauriweb.it\/wp-content\/uploads\/2023\/04\/Schermata-2023-04-19-alle-15.04.08.png' class='center' title='Schermata 2023-04-19 alle 15.04.08' alt='Schermata 2023-04-19 alle 15.04.08' width='1212' height='965'\/><div class='clearfix'><\/div><\/div><\/div><div class='row' style=''><div class='col-md-12 empty' style='' ><\/div><\/div><\/section><\/section>","protected":false},"excerpt":{"rendered":"","protected":false},"author":2,"featured_media":0,"parent":0,"menu_order":0,"comment_status":"closed","ping_status":"closed","template":"","meta":{"inline_featured_image":false,"_mi_skip_tracking":false,"_monsterinsights_sitenote_active":false,"_monsterinsights_sitenote_note":"","_monsterinsights_sitenote_category":0},"yoast_head":"<!-- This site is optimized with the Yoast SEO plugin v20.9 - https:\/\/yoast.com\/wordpress\/plugins\/seo\/ -->\n<title>Furgoni - Lauri Web<\/title>\n<meta name=\"robots\" content=\"index, follow, max-snippet:-1, max-image-preview:large, max-video-preview:-1\" \/>\n<link rel=\"canonical\" href=\"https:\/\/www.lauriweb.it\/de\/furgoni\/\" \/>\n<meta property=\"og:locale\" content=\"de_DE\" \/>\n<meta property=\"og:type\" content=\"article\" \/>\n<meta property=\"og:title\" content=\"Furgoni - Lauri Web\" \/>\n<meta property=\"og:url\" content=\"https:\/\/www.lauriweb.it\/de\/furgoni\/\" \/>\n<meta property=\"og:site_name\" content=\"Lauri Web\" \/>\n<meta property=\"article:modified_time\" content=\"2023-04-20T15:28:14+00:00\" \/>\n<meta name=\"twitter:card\" content=\"summary_large_image\" \/>\n<meta name=\"twitter:label1\" content=\"Gesch\u00e4tzte Lesezeit\" \/>\n\t<meta name=\"twitter:data1\" content=\"1\u00a0Minute\" \/>\n<script type=\"application\/ld+json\" class=\"yoast-schema-graph\">{\"@context\":\"https:\/\/schema.org\",\"@graph\":[{\"@type\":\"WebPage\",\"@id\":\"https:\/\/www.lauriweb.it\/furgoni\/\",\"url\":\"https:\/\/www.lauriweb.it\/furgoni\/\",\"name\":\"Furgoni - Lauri Web\",\"isPartOf\":{\"@id\":\"https:\/\/www.lauriweb.it\/#website\"},\"datePublished\":\"2023-04-19T12:59:26+00:00\",\"dateModified\":\"2023-04-20T15:28:14+00:00\",\"breadcrumb\":{\"@id\":\"https:\/\/www.lauriweb.it\/furgoni\/#breadcrumb\"},\"inLanguage\":\"de\",\"potentialAction\":[{\"@type\":\"ReadAction\",\"target\":[\"https:\/\/www.lauriweb.it\/furgoni\/\"]}]},{\"@type\":\"BreadcrumbList\",\"@id\":\"https:\/\/www.lauriweb.it\/furgoni\/#breadcrumb\",\"itemListElement\":[{\"@type\":\"ListItem\",\"position\":1,\"name\":\"Home\",\"item\":\"https:\/\/www.lauriweb.it\/\"},{\"@type\":\"ListItem\",\"position\":2,\"name\":\"Furgoni\"}]},{\"@type\":\"WebSite\",\"@id\":\"https:\/\/www.lauriweb.it\/#website\",\"url\":\"https:\/\/www.lauriweb.it\/\",\"name\":\"Lauri Web\",\"description\":\"Servizi integrati per la Refrigerazione\",\"publisher\":{\"@id\":\"https:\/\/www.lauriweb.it\/#organization\"},\"potentialAction\":[{\"@type\":\"SearchAction\",\"target\":{\"@type\":\"EntryPoint\",\"urlTemplate\":\"https:\/\/www.lauriweb.it\/?s={search_term_string}\"},\"query-input\":\"required name=search_term_string\"}],\"inLanguage\":\"de\"},{\"@type\":\"Organization\",\"@id\":\"https:\/\/www.lauriweb.it\/#organization\",\"name\":\"Lauri Web\",\"url\":\"https:\/\/www.lauriweb.it\/\",\"logo\":{\"@type\":\"ImageObject\",\"inLanguage\":\"de\",\"@id\":\"https:\/\/www.lauriweb.it\/#\/schema\/logo\/image\/\",\"url\":\"https:\/\/www.lauriweb.it\/wp-content\/uploads\/2022\/11\/LAURIWEB.png\",\"contentUrl\":\"https:\/\/www.lauriweb.it\/wp-content\/uploads\/2022\/11\/LAURIWEB.png\",\"width\":601,\"height\":234,\"caption\":\"Lauri Web\"},\"image\":{\"@id\":\"https:\/\/www.lauriweb.it\/#\/schema\/logo\/image\/\"}}]}<\/script>\n<!-- \/ Yoast SEO plugin. -->","yoast_head_json":{"title":"Furgoni - Lauri Web","robots":{"index":"index","follow":"follow","max-snippet":"max-snippet:-1","max-image-preview":"max-image-preview:large","max-video-preview":"max-video-preview:-1"},"canonical":"https:\/\/www.lauriweb.it\/de\/furgoni\/","og_locale":"de_DE","og_type":"article","og_title":"Furgoni - Lauri Web","og_url":"https:\/\/www.lauriweb.it\/de\/furgoni\/","og_site_name":"Lauri Web","article_modified_time":"2023-04-20T15:28:14+00:00","twitter_card":"summary_large_image","twitter_misc":{"Gesch\u00e4tzte Lesezeit":"1\u00a0Minute"},"schema":{"@context":"https:\/\/schema.org","@graph":[{"@type":"WebPage","@id":"https:\/\/www.lauriweb.it\/furgoni\/","url":"https:\/\/www.lauriweb.it\/furgoni\/","name":"Furgoni - Lauri Web","isPartOf":{"@id":"https:\/\/www.lauriweb.it\/#website"},"datePublished":"2023-04-19T12:59:26+00:00","dateModified":"2023-04-20T15:28:14+00:00","breadcrumb":{"@id":"https:\/\/www.lauriweb.it\/furgoni\/#breadcrumb"},"inLanguage":"de","potentialAction":[{"@type":"ReadAction","target":["https:\/\/www.lauriweb.it\/furgoni\/"]}]},{"@type":"BreadcrumbList","@id":"https:\/\/www.lauriweb.it\/furgoni\/#breadcrumb","itemListElement":[{"@type":"ListItem","position":1,"name":"Home","item":"https:\/\/www.lauriweb.it\/"},{"@type":"ListItem","position":2,"name":"Furgoni"}]},{"@type":"WebSite","@id":"https:\/\/www.lauriweb.it\/#website","url":"https:\/\/www.lauriweb.it\/","name":"Lauri Web","description":"Servizi integrati per la Refrigerazione","publisher":{"@id":"https:\/\/www.lauriweb.it\/#organization"},"potentialAction":[{"@type":"SearchAction","target":{"@type":"EntryPoint","urlTemplate":"https:\/\/www.lauriweb.it\/?s={search_term_string}"},"query-input":"required name=search_term_string"}],"inLanguage":"de"},{"@type":"Organization","@id":"https:\/\/www.lauriweb.it\/#organization","name":"Lauri Web","url":"https:\/\/www.lauriweb.it\/","logo":{"@type":"ImageObject","inLanguage":"de","@id":"https:\/\/www.lauriweb.it\/#\/schema\/logo\/image\/","url":"https:\/\/www.lauriweb.it\/wp-content\/uploads\/2022\/11\/LAURIWEB.png","contentUrl":"https:\/\/www.lauriweb.it\/wp-content\/uploads\/2022\/11\/LAURIWEB.png","width":601,"height":234,"caption":"Lauri Web"},"image":{"@id":"https:\/\/www.lauriweb.it\/#\/schema\/logo\/image\/"}}]}},"_links":{"self":[{"href":"https:\/\/www.lauriweb.it\/de\/wp-json\/wp\/v2\/pages\/1336"}],"collection":[{"href":"https:\/\/www.lauriweb.it\/de\/wp-json\/wp\/v2\/pages"}],"about":[{"href":"https:\/\/www.lauriweb.it\/de\/wp-json\/wp\/v2\/types\/page"}],"author":[{"embeddable":true,"href":"https:\/\/www.lauriweb.it\/de\/wp-json\/wp\/v2\/users\/2"}],"replies":[{"embeddable":true,"href":"https:\/\/www.lauriweb.it\/de\/wp-json\/wp\/v2\/comments?post=1336"}],"version-history":[{"count":1,"href":"https:\/\/www.lauriweb.it\/de\/wp-json\/wp\/v2\/pages\/1336\/revisions"}],"predecessor-version":[{"id":1338,"href":"https:\/\/www.lauriweb.it\/de\/wp-json\/wp\/v2\/pages\/1336\/revisions\/1338"}],"wp:attachment":[{"href":"https:\/\/www.lauriweb.it\/de\/wp-json\/wp\/v2\/media?parent=1336"}],"curies":[{"name":"wp","href":"https:\/\/api.w.org\/{rel}","templated":true}]}}