{"id":1342,"date":"2023-04-19T15:17:19","date_gmt":"2023-04-19T13:17:19","guid":{"rendered":"http:\/\/www.lauriweb.it\/?page_id=1342"},"modified":"2023-04-20T17:28:41","modified_gmt":"2023-04-20T15:28:41","slug":"cabinati","status":"publish","type":"page","link":"https:\/\/www.lauriweb.it\/de\/cabinati\/","title":{"rendered":"Kofferfahrzeuge"},"content":{"rendered":"<section class='page-content' style=''  ><section class='container'><div class='row' style=''><div class='col-md-6' style='' ><div class='custom-heading'>\r\n                            <h2>LMK 3.0 COMPACT<\/h2>                            \r\n                        <\/div><div class='cma-wysiwyg-editor'><p style=\"text-align: justify;\">Motorgetriebenes K\u00fchlaggregat f\u00fcr mittelgro\u00dfe Fahrzeuge bis zu 27 m\u00b3 zur Bef\u00f6rderung temperaturgef\u00fchrter Waren.<\/p><p style=\"text-align: justify;\">Das robuste und kompakte Design des LMK 3.0 compact eignet sich ideal f\u00fcr mittelgro\u00dfe und gro\u00dfe Kofferfahrzeuge.\nDie Anlage ist montagefreundlich und wartungsarm ausgelegt. Das Verfl\u00fcssigeraggregat kann wahlweise an der Stirnwand des K\u00fchlaufbaus oder auf dem Dach installiert werden.\n\nDer im Laderaum integrierte ultraflache Verdampfer maximiert das nutzbare Ladevolumen.\n\n\u00dcber die intuitive Bedieneinheit lassen sich Betriebszustand und Temperatur in Echtzeit \u00fcberwachen und pr\u00e4zise steuern, um eine konstante Temperaturf\u00fchrung w\u00e4hrend der Fahrt sicherzustellen.<\/p><\/div><a href='https:\/\/www.lauriweb.it\/de\/compila-il-contact-form\/' class='btn blue btn-medium float-left'  ><span> TECHNISCHES DATENBLATT ANFORDERN<\/span><\/a><div class='clearfix'><\/div><\/div><div class='col-md-6' style='' ><img src='https:\/\/www.lauriweb.it\/wp-content\/uploads\/2023\/04\/Schermata-2023-04-19-alle-15.12.07.png' class='center' title='Schermata 2023-04-19 alle 15.12.07' alt='Schermata 2023-04-19 alle 15.12.07' width='1393' height='951'\/><div class='clearfix'><\/div><\/div><\/div><div class='row' style=''><div class='col-md-6' style='' ><img src='https:\/\/www.lauriweb.it\/wp-content\/uploads\/2023\/04\/Schermata-2023-04-19-alle-15.14.11.png' class='center' title='Schermata 2023-04-19 alle 15.14.11' alt='Schermata 2023-04-19 alle 15.14.11' width='1229' height='981'\/><div class='clearfix'><\/div><\/div><div class='col-md-6' style='' ><div class='custom-heading'>\r\n                            <h2>LMK 3.5E<\/h2>                            \r\n                        <\/div><div class='cma-wysiwyg-editor'><p style=\"text-align: justify;\">Motorgetriebenes K\u00fchlaggregat f\u00fcr Fahrzeuge bis zu 33 m\u00b3 zur Bef\u00f6rderung temperaturgef\u00fchrter Waren.<\/p><p style=\"text-align: justify;\">Das robuste Design des LMK 3.5E ist speziell f\u00fcr kleine Lkw-Kabinen und Zugmaschinen mit Kofferaufbau konzipiert und wird an der Stirnwand des isolierten Aufbaus montiert.\n\nDie intuitive Kabinensteuerung erm\u00f6glicht die kontinuierliche \u00dcberwachung des Systems sowie eine exakte Temperaturregelung in Echtzeit w\u00e4hrend der Fahrt.\n\nHohe K\u00fchlleistung, optimierte Energieeffizienz und verl\u00e4ngerte Wartungsintervalle reduzieren nachhaltig die Betriebskosten \u2013 bei gleichzeitig hoher Zuverl\u00e4ssigkeit und geringer Ger\u00e4uschentwicklung.<\/p><\/div><a href='https:\/\/www.lauriweb.it\/de\/compila-il-contact-form\/' class='btn blue btn-medium float-left'  ><span> TECHNISCHES DATENBLATT ANFORDERN<\/span><\/a><div class='clearfix'><\/div><\/div><\/div><div class='row' style=''><div class='col-md-6' style='' ><div class='custom-heading'>\r\n                            <h2>LMK 5.0E<\/h2>                            \r\n                        <\/div><div class='cma-wysiwyg-editor'><p style=\"text-align: justify;\">Motorgetriebenes Hochleistungs-K\u00fchlaggregat f\u00fcr Fahrzeuge bis zu 40 m\u00b3 zur Bef\u00f6rderung temperaturgef\u00fchrter Waren.<\/p><p style=\"text-align: justify;\">Das robuste System ist f\u00fcr mittelgro\u00dfe bis gro\u00dfe Zugmaschinen mit Kofferaufbau ausgelegt und wird an der Stirnwand des Isolieraufbaus montiert.\n\nDie moderne Kabinensteuerung erm\u00f6glicht eine permanente System\u00fcberwachung sowie eine pr\u00e4zise Temperaturf\u00fchrung in Echtzeit.\n\nDank hoher K\u00fchlleistung, ausgezeichneter Energieeffizienz und langer Wartungsintervalle \u00fcberzeugt das LMK 5.0E durch niedrige Betriebskosten, maximale Betriebssicherheit und ger\u00e4uscharmen Betrieb.<\/p><\/div><a href='https:\/\/www.lauriweb.it\/de\/compila-il-contact-form\/' class='btn blue btn-medium float-left'  ><span> TECHNISCHES DATENBLATT ANFORDERN<\/span><\/a><div class='clearfix'><\/div><\/div><div class='col-md-6' style='' ><img src='https:\/\/www.lauriweb.it\/wp-content\/uploads\/2023\/04\/Schermata-2023-04-19-alle-15.16.17.png' class='center' title='Schermata 2023-04-19 alle 15.16.17' alt='Schermata 2023-04-19 alle 15.16.17' width='1253' height='954'\/><div class='clearfix'><\/div><\/div><\/div><div class='row' style=''><div class='col-md-12 empty' style='' ><\/div><\/div><\/section><\/section>","protected":false},"excerpt":{"rendered":"","protected":false},"author":2,"featured_media":0,"parent":0,"menu_order":0,"comment_status":"closed","ping_status":"closed","template":"","meta":{"inline_featured_image":false,"_mi_skip_tracking":false,"_monsterinsights_sitenote_active":false,"_monsterinsights_sitenote_note":"","_monsterinsights_sitenote_category":0},"yoast_head":"<!-- This site is optimized with the Yoast SEO plugin v20.9 - https:\/\/yoast.com\/wordpress\/plugins\/seo\/ -->\n<title>Cabinati - Lauri Web<\/title>\n<meta name=\"robots\" content=\"index, follow, max-snippet:-1, max-image-preview:large, max-video-preview:-1\" \/>\n<link rel=\"canonical\" href=\"https:\/\/www.lauriweb.it\/de\/cabinati\/\" \/>\n<meta property=\"og:locale\" content=\"de_DE\" \/>\n<meta property=\"og:type\" content=\"article\" \/>\n<meta property=\"og:title\" content=\"Cabinati - Lauri Web\" \/>\n<meta property=\"og:url\" content=\"https:\/\/www.lauriweb.it\/de\/cabinati\/\" \/>\n<meta property=\"og:site_name\" content=\"Lauri Web\" \/>\n<meta property=\"article:modified_time\" content=\"2023-04-20T15:28:41+00:00\" \/>\n<meta name=\"twitter:card\" content=\"summary_large_image\" \/>\n<meta name=\"twitter:label1\" content=\"Gesch\u00e4tzte Lesezeit\" \/>\n\t<meta name=\"twitter:data1\" content=\"1\u00a0Minute\" \/>\n<script type=\"application\/ld+json\" class=\"yoast-schema-graph\">{\"@context\":\"https:\/\/schema.org\",\"@graph\":[{\"@type\":\"WebPage\",\"@id\":\"https:\/\/www.lauriweb.it\/cabinati\/\",\"url\":\"https:\/\/www.lauriweb.it\/cabinati\/\",\"name\":\"Cabinati - Lauri Web\",\"isPartOf\":{\"@id\":\"https:\/\/www.lauriweb.it\/#website\"},\"datePublished\":\"2023-04-19T13:17:19+00:00\",\"dateModified\":\"2023-04-20T15:28:41+00:00\",\"breadcrumb\":{\"@id\":\"https:\/\/www.lauriweb.it\/cabinati\/#breadcrumb\"},\"inLanguage\":\"de\",\"potentialAction\":[{\"@type\":\"ReadAction\",\"target\":[\"https:\/\/www.lauriweb.it\/cabinati\/\"]}]},{\"@type\":\"BreadcrumbList\",\"@id\":\"https:\/\/www.lauriweb.it\/cabinati\/#breadcrumb\",\"itemListElement\":[{\"@type\":\"ListItem\",\"position\":1,\"name\":\"Home\",\"item\":\"https:\/\/www.lauriweb.it\/\"},{\"@type\":\"ListItem\",\"position\":2,\"name\":\"Cabinati\"}]},{\"@type\":\"WebSite\",\"@id\":\"https:\/\/www.lauriweb.it\/#website\",\"url\":\"https:\/\/www.lauriweb.it\/\",\"name\":\"Lauri Web\",\"description\":\"Servizi integrati per la Refrigerazione\",\"publisher\":{\"@id\":\"https:\/\/www.lauriweb.it\/#organization\"},\"potentialAction\":[{\"@type\":\"SearchAction\",\"target\":{\"@type\":\"EntryPoint\",\"urlTemplate\":\"https:\/\/www.lauriweb.it\/?s={search_term_string}\"},\"query-input\":\"required name=search_term_string\"}],\"inLanguage\":\"de\"},{\"@type\":\"Organization\",\"@id\":\"https:\/\/www.lauriweb.it\/#organization\",\"name\":\"Lauri Web\",\"url\":\"https:\/\/www.lauriweb.it\/\",\"logo\":{\"@type\":\"ImageObject\",\"inLanguage\":\"de\",\"@id\":\"https:\/\/www.lauriweb.it\/#\/schema\/logo\/image\/\",\"url\":\"https:\/\/www.lauriweb.it\/wp-content\/uploads\/2022\/11\/LAURIWEB.png\",\"contentUrl\":\"https:\/\/www.lauriweb.it\/wp-content\/uploads\/2022\/11\/LAURIWEB.png\",\"width\":601,\"height\":234,\"caption\":\"Lauri Web\"},\"image\":{\"@id\":\"https:\/\/www.lauriweb.it\/#\/schema\/logo\/image\/\"}}]}<\/script>\n<!-- \/ Yoast SEO plugin. -->","yoast_head_json":{"title":"Cabinati - Lauri Web","robots":{"index":"index","follow":"follow","max-snippet":"max-snippet:-1","max-image-preview":"max-image-preview:large","max-video-preview":"max-video-preview:-1"},"canonical":"https:\/\/www.lauriweb.it\/de\/cabinati\/","og_locale":"de_DE","og_type":"article","og_title":"Cabinati - Lauri Web","og_url":"https:\/\/www.lauriweb.it\/de\/cabinati\/","og_site_name":"Lauri Web","article_modified_time":"2023-04-20T15:28:41+00:00","twitter_card":"summary_large_image","twitter_misc":{"Gesch\u00e4tzte Lesezeit":"1\u00a0Minute"},"schema":{"@context":"https:\/\/schema.org","@graph":[{"@type":"WebPage","@id":"https:\/\/www.lauriweb.it\/cabinati\/","url":"https:\/\/www.lauriweb.it\/cabinati\/","name":"Cabinati - Lauri Web","isPartOf":{"@id":"https:\/\/www.lauriweb.it\/#website"},"datePublished":"2023-04-19T13:17:19+00:00","dateModified":"2023-04-20T15:28:41+00:00","breadcrumb":{"@id":"https:\/\/www.lauriweb.it\/cabinati\/#breadcrumb"},"inLanguage":"de","potentialAction":[{"@type":"ReadAction","target":["https:\/\/www.lauriweb.it\/cabinati\/"]}]},{"@type":"BreadcrumbList","@id":"https:\/\/www.lauriweb.it\/cabinati\/#breadcrumb","itemListElement":[{"@type":"ListItem","position":1,"name":"Home","item":"https:\/\/www.lauriweb.it\/"},{"@type":"ListItem","position":2,"name":"Cabinati"}]},{"@type":"WebSite","@id":"https:\/\/www.lauriweb.it\/#website","url":"https:\/\/www.lauriweb.it\/","name":"Lauri Web","description":"Servizi integrati per la Refrigerazione","publisher":{"@id":"https:\/\/www.lauriweb.it\/#organization"},"potentialAction":[{"@type":"SearchAction","target":{"@type":"EntryPoint","urlTemplate":"https:\/\/www.lauriweb.it\/?s={search_term_string}"},"query-input":"required name=search_term_string"}],"inLanguage":"de"},{"@type":"Organization","@id":"https:\/\/www.lauriweb.it\/#organization","name":"Lauri Web","url":"https:\/\/www.lauriweb.it\/","logo":{"@type":"ImageObject","inLanguage":"de","@id":"https:\/\/www.lauriweb.it\/#\/schema\/logo\/image\/","url":"https:\/\/www.lauriweb.it\/wp-content\/uploads\/2022\/11\/LAURIWEB.png","contentUrl":"https:\/\/www.lauriweb.it\/wp-content\/uploads\/2022\/11\/LAURIWEB.png","width":601,"height":234,"caption":"Lauri Web"},"image":{"@id":"https:\/\/www.lauriweb.it\/#\/schema\/logo\/image\/"}}]}},"_links":{"self":[{"href":"https:\/\/www.lauriweb.it\/de\/wp-json\/wp\/v2\/pages\/1342"}],"collection":[{"href":"https:\/\/www.lauriweb.it\/de\/wp-json\/wp\/v2\/pages"}],"about":[{"href":"https:\/\/www.lauriweb.it\/de\/wp-json\/wp\/v2\/types\/page"}],"author":[{"embeddable":true,"href":"https:\/\/www.lauriweb.it\/de\/wp-json\/wp\/v2\/users\/2"}],"replies":[{"embeddable":true,"href":"https:\/\/www.lauriweb.it\/de\/wp-json\/wp\/v2\/comments?post=1342"}],"version-history":[{"count":1,"href":"https:\/\/www.lauriweb.it\/de\/wp-json\/wp\/v2\/pages\/1342\/revisions"}],"predecessor-version":[{"id":1346,"href":"https:\/\/www.lauriweb.it\/de\/wp-json\/wp\/v2\/pages\/1342\/revisions\/1346"}],"wp:attachment":[{"href":"https:\/\/www.lauriweb.it\/de\/wp-json\/wp\/v2\/media?parent=1342"}],"curies":[{"name":"wp","href":"https:\/\/api.w.org\/{rel}","templated":true}]}}