{"id":142,"date":"2015-09-16T11:26:56","date_gmt":"2015-09-16T11:26:56","guid":{"rendered":"http:\/\/pixel-industry.com\/dummy_wp\/trucking\/?page_id=142"},"modified":"2026-02-10T18:15:54","modified_gmt":"2026-02-10T17:15:54","slug":"azienda","status":"publish","type":"page","link":"https:\/\/www.lauriweb.it\/de\/azienda\/","title":{"rendered":"Unternehmen"},"content":{"rendered":"<section class='page-content' style=''  ><section class='container'><div class='row' style=''><div class='col-md-12' style='' ><div class=\"cma-wp-widget widget widget_master-slider-main-widget cma_master-slider-main-widget\" id=\"cma-widget-MSP_Main_Widget-1\">\n\t\t<!-- MasterSlider -->\n\t\t<div id=\"P_MS69ff2bab54fa0\" class=\"master-slider-parent ms-parent-id-13\"  >\n\n\t\t\t\n\t\t\t<!-- MasterSlider Main -->\n\t\t\t<div id=\"MS69ff2bab54fa0\" class=\"master-slider ms-skin-default\" >\n\t\t\t\t \t\t\t\t \n\n\t\t\t<div  class=\"ms-slide\" data-delay=\"3\" data-fill-mode=\"fill\"   >\n\t\t\t\t\t<img src=\"https:\/\/www.lauriweb.it\/wp-content\/plugins\/masterslider\/public\/assets\/css\/blank.gif\" alt=\"\" title=\"\" data-src=\"https:\/\/www.lauriweb.it\/wp-content\/uploads\/2023\/01\/coibentazioni10.jpg\" \/>\n\t<video data-autopause=\"false\" data-mute=\"true\" data-loop=\"true\" data-fill-mode=\"fill\" >\n\t\t<source src=\"http:\/\/www.lauriweb.it\/wp-content\/uploads\/2023\/02\/LAURI-FAST-NO-RAGAZZO.mp4\" type=\"video\/mp4\"\/>\n\t<\/video>\n\n\n\t\t\t\t<\/div>\n\n\t\t\t<\/div>\n\t\t\t<!-- END MasterSlider Main -->\n\n\t\t\t \n\t\t<\/div>\n\t\t<!-- END MasterSlider -->\n\n\t\t<script>\n\t\t( window.MSReady = window.MSReady || [] ).push( function( $ ) {\n\n\t\t\t\"use strict\";\n\t\t\tvar masterslider_4fa0 = new MasterSlider();\n\n\t\t\t\/\/ slider controls\n\t\t\tmasterslider_4fa0.control('arrows'     ,{ autohide:true, overVideo:true  });\n\t\t\t\/\/ slider setup\n\t\t\tmasterslider_4fa0.setup(\"MS69ff2bab54fa0\", {\n\t\t\t\twidth           : 1140,\n\t\t\t\theight          : 854,\n\t\t\t\tminHeight       : 0,\n\t\t\t\tspace           : 0,\n\t\t\t\tstart           : 1,\n\t\t\t\tgrabCursor      : true,\n\t\t\t\tswipe           : true,\n\t\t\t\tmouse           : true,\n\t\t\t\tkeyboard        : false,\n\t\t\t\tlayout          : \"fullwidth\",\n\t\t\t\twheel           : false,\n\t\t\t\tautoplay        : false,\n                instantStartLayers:false,\n\t\t\t\tmobileBGVideo:false,\n\t\t\t\tloop            : false,\n\t\t\t\tshuffle         : false,\n\t\t\t\tpreload         : 0,\n\t\t\t\theightLimit     : true,\n\t\t\t\tautoHeight      : false,\n\t\t\t\tsmoothHeight    : true,\n\t\t\t\tendPause        : false,\n\t\t\t\toverPause       : true,\n\t\t\t\tfillMode        : \"fill\",\n\t\t\t\tcenterControls  : false,\n\t\t\t\tstartOnAppear   : false,\n\t\t\t\tlayersMode      : \"center\",\n\t\t\t\tautofillTarget  : \"\",\n\t\t\t\thideLayers      : false,\n\t\t\t\tfullscreenMargin: 0,\n\t\t\t\tspeed           : 70,\n\t\t\t\tdir             : \"h\",\n\t\t\t\tresponsive      : true,\n\t\t\t\ttabletWidth     : 768,\n\t\t\t\ttabletHeight    : null,\n\t\t\t\tphoneWidth      : 480,\n\t\t\t\tphoneHeight    : null,\n\t\t\t\tsizingReference : window,\n\t\t\t\tparallaxMode    : 'swipe',\n\t\t\t\tview            : \"basic\"\n\t\t\t});\n\n\t\t\t\n\t\t\twindow.masterslider_instances = window.masterslider_instances || [];\n\t\t\twindow.masterslider_instances.push( masterslider_4fa0 );\n\t\t});\n\t\t<\/script>\n\n<\/div><\/div><\/div><\/section><\/section><section class='page-content' style=''  ><section class='container'><div class='row' style=''><div class='col-md-12' style='' ><div class='custom-heading centered'>\r\n                            <h3>\u00dcBER UNS<\/h3>\r\n                        <\/div><div class='cma-wysiwyg-editor'><p>Seit 1984 besch\u00e4ftigen wir uns mit Fahrzeugen f\u00fcr den temperaturgef\u00fchrten Transport. Lauri srl ist seit den fr\u00fchen 80er Jahren im Bereich der Umr\u00fcstung von Fahrzeugen f\u00fcr den temperaturgef\u00fchreten Transport t\u00e4tig und steht heute f\u00fcr Solidit\u00e4t, Qualit\u00e4t und Individualisierung im Bereich des K\u00fchltransports. \nDas Unternehmen, das aus dem Unternehmergeist der Familie Lauri hervorgegangen ist, hat es verstanden, gro\u00dfe Handwerkskunst und st\u00e4ndige technologische Weiterentwicklung im Laufe der Zeit zu verbinden und so Erfahrung und Innovation in einem einzigen Umfeld zusammenzuf\u00fchren.<\/p><p><em><strong>\u201eDie Technologie wird niemals stehen bleiben, aber unsere Aufmerksamkeit f\u00fcr den Kunden muss dieselbe bleiben.\u201c<\/strong> <\/em>(Marzio Lauri)<\/p><\/div><\/div><\/div><\/section><\/section><section class='page-content pt-0 column-img-bkg custom-background color-background' style='background-color: #f6f6f6;'  ><section class='container-fluid' style='padding-left: 0; padding-right: 0;'><div class='row row-equal-height' style='margin-bottom: 0px ;'><div class='col-md-2  empty' style='' ><\/div><div class='col-md-4' style='padding-top:120px;padding-bottom:120px;padding-left:70px;padding-right:70px;' ><div class='custom-heading'>\r\n                            <h3>HAUSINTERNE TECHNOLOGIE UND PRODUKTION<\/h3>                            \r\n                        <\/div><div class='cma-wysiwyg-editor'><p class=\"s5\"><span class=\"s3\">LAURI s.r.l. verf\u00fcgt \u00fcber\u00a0<\/span><span class=\"s3\">drei Produktionsst\u00e4tten<\/span><span class=\"s3\">zwei in der Lombardei in der Provinz Mantua und eine im Piemont in der Provinz Asti.<\/span><span class=\"s3\"><br \/><\/span><span class=\"s3\">Unsere K\u00fchltransporter werden ma\u00dfgeschneidert und angepasst<\/span><span class=\"s3\">\u00a0wie beispielsweise den Transport von Lebensmitteln, Medikamenten, Pflanzen und Blumen, Kunstwerken, elektronischen Ger\u00e4ten oder anderen G\u00fctern, die einen temperaturkontrollierten Transport erfordern.<\/span><\/p><p class=\"s5\"><span class=\"s3\">Lauri s.r.l. f\u00fchrt au\u00dferdem die W\u00e4rmed\u00e4mmung des Laderaums von\u00a0<\/span><span class=\"s3\">Original-Lieferwagen aller Marken<\/span><span class=\"s3\">und in allen Modellvarianten durch, auch mit\u00a0<\/span><span class=\"s3\">FRCX-Klassifizierung<\/span><span class=\"s3\">\u00a0f\u00fcr den Transport von Tiefk\u00fchlprodukten.<\/span><\/p><\/div><\/div><div class='col-md-6 custom-col-padding-both empty custom-background image-background' style='background-image: url(https:\/\/www.lauriweb.it\/wp-content\/uploads\/2023\/01\/Azienda1.jpg);' ><\/div><\/div><\/section><\/section><section class='page-content' style=''  ><section class='container-fluid' style='padding-left: 0; padding-right: 0;'><div class='row row-equal-height' style='margin-bottom: 0px ;'><div class='col-md-6 costum-col-padding-both empty custom-background image-background' style='background-image: url(https:\/\/www.lauriweb.it\/wp-content\/uploads\/2023\/01\/Azienda3.jpg);' ><\/div><div class='col-md-4' style='padding-top:120px;padding-bottom:120px;padding-left:70px;padding-right:70px;' ><div class='custom-heading'>\r\n                            <h3>PRODUKTLINIEN<\/h3>                            \r\n                        <\/div><div class='cma-wysiwyg-editor'><p class=\"s15\"><strong><span class=\"s16\">K\u00fchl<\/span><span class=\"s16\">fahrzeugen <\/span><span class=\"s16\">K\u00fchlfahrzeuge<\/span><\/strong><\/p><p class=\"s17\"><span class=\"s3\">Dank der vielf\u00e4ltigen M\u00f6glichkeiten zur individuellen Gestaltung des Produkts, machen K\u00fchlfahrzeugen den Gro\u00dfteil der in den Werkst\u00e4tten von Lauri hergestellten Ausstattungen aus. Es handelt sich um Fahrzeuge f\u00fcr den kleinen und mittleren Vertrieb, die aufgrund ihrer Flexibilit\u00e4t und Mobilit\u00e4t f\u00fcr jeden Transport geeignet sind. Die D\u00e4mmungen bestehen aus Platten mit hohem Isolationskoeffizienten, die dennoch sehr leicht sind. Dazu geh\u00f6ren Zubeh\u00f6rteile und L\u00f6sungen zur individuellen Anpassung des Produkts und zum Transport, wie z. B.: T\u00fcren, Regale, Haken, F\u00e4cher und Ablagen, um allen Kundenanforderungen gerecht zu werden.<\/span><\/p><p class=\"s20\"><strong><span class=\"s19\">W\u00e4rmed\u00e4mmung<\/span><\/strong><\/p><p><span class=\"s3\">W\u00e4rmed\u00e4mmung f\u00fcr Nutzfahrzeuge ist das Kerngesch\u00e4ft der Lauri-Gruppe. Die D\u00e4mmung besteht aus geformten Platten, die der Linie des Fahrzeuginnen folgen. Dies erm\u00f6glicht das bestm\u00f6gliche Innenvolumen und das v\u00f6llige Fehlen von St\u00fctzen, die den Innenraum einschr\u00e4nken w\u00fcrden.<\/span><span class=\"s3\"><br \/><\/span><span class=\"s3\">Die Isotherme Paneele werden direkt hergestellt und mit einer \u201efertigen Oberfl\u00e4che\u201c geliefert, sodass sie nicht lackiert werden m\u00fcssen. Das<\/span> <span class=\"s3\">Ergebnis des Formpressverfahrens garantiert eine glatte und gl\u00e4nzende Oberfl\u00e4che. Die W\u00e4rmed\u00e4mmungen k\u00f6nnen je nach Verwendungszweck mit verschiedenen Zubeh\u00f6rteilen ausgestattet und erg\u00e4nzt werden.<\/span><span class=\"s3\">.<\/span><\/p><br \/><\/div><\/div><div class='col-md-2 empty' style='' ><\/div><\/div><div class='row' style=''><div class='col-md-12  empty' style='' ><\/div><\/div><\/section><\/section><section class='page-content' style=''  ><section class='container'><div class='row' style=''><div class='col-md-12' style='' ><div class='custom-heading02 simple'>\r\n                            <h2>Unsere Marken<\/h2>\r\n                        <\/div><div class='carousel-container'><div class='image-carousel owl-carousel owl-carousel-navigation' data-play='0' data-timeout='3000' data-navigation='1' data-nav-type='right'><div class='owl-item'><img src='https:\/\/www.lauriweb.it\/wp-content\/uploads\/bfi_thumb\/citroen-riyisse7gizfsl6ho9pdlnjb6nvq22ez425vjv6tp4.png' alt='image'\/><\/div><div class='owl-item'><img src='https:\/\/www.lauriweb.it\/wp-content\/uploads\/bfi_thumb\/fiat-riyisrgd9oy5gz7utrar15rula0cudb8rxie2l87vc.png' alt='image'\/><\/div><div class='owl-item'><img src='https:\/\/www.lauriweb.it\/wp-content\/uploads\/bfi_thumb\/ford-riyisqij2uwv5d97z8w4go0dzw4zmo7ifsuwlb9m1k.png' alt='image'\/><\/div><div class='owl-item'><img src='https:\/\/www.lauriweb.it\/wp-content\/uploads\/bfi_thumb\/iveco-riyispkow0vktral4qhhw68xei9mez3s3o7f41b07s.png' alt='image'\/><\/div><div class='owl-item'><img src='https:\/\/www.lauriweb.it\/wp-content\/uploads\/bfi_thumb\/opel-riyisltc4oqfjbg1qouzm7730ys5k6our5lh6xgl1o.png' alt='image'\/><\/div><div class='owl-item'><img src='https:\/\/www.lauriweb.it\/wp-content\/uploads\/bfi_thumb\/peugeot-riyiskvhxup57phew6gd1pfmfkwschl4f0xzpnhz2w.png' alt='image'\/><\/div><div class='owl-item'><img src='https:\/\/www.lauriweb.it\/wp-content\/uploads\/bfi_thumb\/renault-riyish456ijzx9mvi4turqds21fbhp672ic1sjnjrs.png' alt='image'\/><\/div><div class='owl-item'><img src='https:\/\/www.lauriweb.it\/wp-content\/uploads\/bfi_thumb\/stellantis-riyisg6azoiplno8nmf878mbgnjya02gqdokb9oxy0.png' alt='image'\/><\/div><div class='owl-item'><img src='https:\/\/www.lauriweb.it\/wp-content\/uploads\/bfi_thumb\/toyota-riyisf8gsuhfa1plt40lmquuv9ol2ayqe912tzqc48.png' alt='image'\/><\/div><div class='owl-item'><img src='https:\/\/www.lauriweb.it\/wp-content\/uploads\/bfi_thumb\/volkswagen-riyiseamm0g4yfqyyllz293e9vt7ulv024dlcprqag.png' alt='image'\/><\/div><\/div><\/div><\/div><\/div><\/section><\/section>","protected":false},"excerpt":{"rendered":"","protected":false},"author":1,"featured_media":0,"parent":0,"menu_order":0,"comment_status":"closed","ping_status":"closed","template":"","meta":{"inline_featured_image":false,"_mi_skip_tracking":false,"_monsterinsights_sitenote_active":false,"_monsterinsights_sitenote_note":"","_monsterinsights_sitenote_category":0},"yoast_head":"<!-- This site is optimized with the Yoast SEO plugin v20.9 - https:\/\/yoast.com\/wordpress\/plugins\/seo\/ -->\n<title>Azienda - Lauri Web<\/title>\n<meta name=\"robots\" content=\"index, follow, max-snippet:-1, max-image-preview:large, max-video-preview:-1\" \/>\n<link rel=\"canonical\" href=\"https:\/\/www.lauriweb.it\/de\/azienda\/\" \/>\n<meta property=\"og:locale\" content=\"de_DE\" \/>\n<meta property=\"og:type\" content=\"article\" \/>\n<meta property=\"og:title\" content=\"Azienda - Lauri Web\" \/>\n<meta property=\"og:url\" content=\"https:\/\/www.lauriweb.it\/de\/azienda\/\" \/>\n<meta property=\"og:site_name\" content=\"Lauri Web\" \/>\n<meta property=\"article:modified_time\" content=\"2026-02-10T17:15:54+00:00\" \/>\n<meta name=\"twitter:card\" content=\"summary_large_image\" \/>\n<script type=\"application\/ld+json\" class=\"yoast-schema-graph\">{\"@context\":\"https:\/\/schema.org\",\"@graph\":[{\"@type\":\"WebPage\",\"@id\":\"https:\/\/www.lauriweb.it\/azienda\/\",\"url\":\"https:\/\/www.lauriweb.it\/azienda\/\",\"name\":\"Azienda - Lauri Web\",\"isPartOf\":{\"@id\":\"https:\/\/www.lauriweb.it\/#website\"},\"datePublished\":\"2015-09-16T11:26:56+00:00\",\"dateModified\":\"2026-02-10T17:15:54+00:00\",\"breadcrumb\":{\"@id\":\"https:\/\/www.lauriweb.it\/azienda\/#breadcrumb\"},\"inLanguage\":\"de\",\"potentialAction\":[{\"@type\":\"ReadAction\",\"target\":[\"https:\/\/www.lauriweb.it\/azienda\/\"]}]},{\"@type\":\"BreadcrumbList\",\"@id\":\"https:\/\/www.lauriweb.it\/azienda\/#breadcrumb\",\"itemListElement\":[{\"@type\":\"ListItem\",\"position\":1,\"name\":\"Home\",\"item\":\"https:\/\/www.lauriweb.it\/\"},{\"@type\":\"ListItem\",\"position\":2,\"name\":\"Azienda\"}]},{\"@type\":\"WebSite\",\"@id\":\"https:\/\/www.lauriweb.it\/#website\",\"url\":\"https:\/\/www.lauriweb.it\/\",\"name\":\"Lauri Web\",\"description\":\"Servizi integrati per la Refrigerazione\",\"publisher\":{\"@id\":\"https:\/\/www.lauriweb.it\/#organization\"},\"potentialAction\":[{\"@type\":\"SearchAction\",\"target\":{\"@type\":\"EntryPoint\",\"urlTemplate\":\"https:\/\/www.lauriweb.it\/?s={search_term_string}\"},\"query-input\":\"required name=search_term_string\"}],\"inLanguage\":\"de\"},{\"@type\":\"Organization\",\"@id\":\"https:\/\/www.lauriweb.it\/#organization\",\"name\":\"Lauri Web\",\"url\":\"https:\/\/www.lauriweb.it\/\",\"logo\":{\"@type\":\"ImageObject\",\"inLanguage\":\"de\",\"@id\":\"https:\/\/www.lauriweb.it\/#\/schema\/logo\/image\/\",\"url\":\"https:\/\/www.lauriweb.it\/wp-content\/uploads\/2022\/11\/LAURIWEB.png\",\"contentUrl\":\"https:\/\/www.lauriweb.it\/wp-content\/uploads\/2022\/11\/LAURIWEB.png\",\"width\":601,\"height\":234,\"caption\":\"Lauri Web\"},\"image\":{\"@id\":\"https:\/\/www.lauriweb.it\/#\/schema\/logo\/image\/\"}}]}<\/script>\n<!-- \/ Yoast SEO plugin. -->","yoast_head_json":{"title":"Azienda - Lauri Web","robots":{"index":"index","follow":"follow","max-snippet":"max-snippet:-1","max-image-preview":"max-image-preview:large","max-video-preview":"max-video-preview:-1"},"canonical":"https:\/\/www.lauriweb.it\/de\/azienda\/","og_locale":"de_DE","og_type":"article","og_title":"Azienda - Lauri Web","og_url":"https:\/\/www.lauriweb.it\/de\/azienda\/","og_site_name":"Lauri Web","article_modified_time":"2026-02-10T17:15:54+00:00","twitter_card":"summary_large_image","schema":{"@context":"https:\/\/schema.org","@graph":[{"@type":"WebPage","@id":"https:\/\/www.lauriweb.it\/azienda\/","url":"https:\/\/www.lauriweb.it\/azienda\/","name":"Azienda - Lauri Web","isPartOf":{"@id":"https:\/\/www.lauriweb.it\/#website"},"datePublished":"2015-09-16T11:26:56+00:00","dateModified":"2026-02-10T17:15:54+00:00","breadcrumb":{"@id":"https:\/\/www.lauriweb.it\/azienda\/#breadcrumb"},"inLanguage":"de","potentialAction":[{"@type":"ReadAction","target":["https:\/\/www.lauriweb.it\/azienda\/"]}]},{"@type":"BreadcrumbList","@id":"https:\/\/www.lauriweb.it\/azienda\/#breadcrumb","itemListElement":[{"@type":"ListItem","position":1,"name":"Home","item":"https:\/\/www.lauriweb.it\/"},{"@type":"ListItem","position":2,"name":"Azienda"}]},{"@type":"WebSite","@id":"https:\/\/www.lauriweb.it\/#website","url":"https:\/\/www.lauriweb.it\/","name":"Lauri Web","description":"Servizi integrati per la Refrigerazione","publisher":{"@id":"https:\/\/www.lauriweb.it\/#organization"},"potentialAction":[{"@type":"SearchAction","target":{"@type":"EntryPoint","urlTemplate":"https:\/\/www.lauriweb.it\/?s={search_term_string}"},"query-input":"required name=search_term_string"}],"inLanguage":"de"},{"@type":"Organization","@id":"https:\/\/www.lauriweb.it\/#organization","name":"Lauri Web","url":"https:\/\/www.lauriweb.it\/","logo":{"@type":"ImageObject","inLanguage":"de","@id":"https:\/\/www.lauriweb.it\/#\/schema\/logo\/image\/","url":"https:\/\/www.lauriweb.it\/wp-content\/uploads\/2022\/11\/LAURIWEB.png","contentUrl":"https:\/\/www.lauriweb.it\/wp-content\/uploads\/2022\/11\/LAURIWEB.png","width":601,"height":234,"caption":"Lauri Web"},"image":{"@id":"https:\/\/www.lauriweb.it\/#\/schema\/logo\/image\/"}}]}},"_links":{"self":[{"href":"https:\/\/www.lauriweb.it\/de\/wp-json\/wp\/v2\/pages\/142"}],"collection":[{"href":"https:\/\/www.lauriweb.it\/de\/wp-json\/wp\/v2\/pages"}],"about":[{"href":"https:\/\/www.lauriweb.it\/de\/wp-json\/wp\/v2\/types\/page"}],"author":[{"embeddable":true,"href":"https:\/\/www.lauriweb.it\/de\/wp-json\/wp\/v2\/users\/1"}],"replies":[{"embeddable":true,"href":"https:\/\/www.lauriweb.it\/de\/wp-json\/wp\/v2\/comments?post=142"}],"version-history":[{"count":29,"href":"https:\/\/www.lauriweb.it\/de\/wp-json\/wp\/v2\/pages\/142\/revisions"}],"predecessor-version":[{"id":1475,"href":"https:\/\/www.lauriweb.it\/de\/wp-json\/wp\/v2\/pages\/142\/revisions\/1475"}],"wp:attachment":[{"href":"https:\/\/www.lauriweb.it\/de\/wp-json\/wp\/v2\/media?parent=142"}],"curies":[{"name":"wp","href":"https:\/\/api.w.org\/{rel}","templated":true}]}}