{"id":240,"date":"2015-09-18T14:02:59","date_gmt":"2015-09-18T14:02:59","guid":{"rendered":"http:\/\/pixel-industry.com\/dummy_wp\/trucking\/?page_id=240"},"modified":"2023-04-27T15:45:41","modified_gmt":"2023-04-27T13:45:41","slug":"storia","status":"publish","type":"page","link":"https:\/\/www.lauriweb.it\/de\/storia\/","title":{"rendered":"\u00dcber uns"},"content":{"rendered":"<section class='page-content' style=''  ><section class='container'><div class='row' style='margin-bottom: 40px ;'><div class='col-md-12' style='' ><div class='nivo-wrapper'><div class='nivoSlider' data-manual='0' data-pause='0' data-navigation='0' data-pause-hover='0'><img src='https:\/\/www.lauriweb.it\/wp-content\/uploads\/2023\/01\/ZIENDA.jpg' alt='slider image' title='#htmlcaption-0'\/><\/div><div id='htmlcaption-0' class='nivo-html-caption'><\/div><\/div><\/div><\/div><div class='row' style=''><div class='col-md-12' style='' ><div class='custom-heading'>\r\n                            <h2>EINE FAMILIEN- UND UNTERNEHMENSGESCHICHTE <\/h2>                            \r\n                        <\/div><div style='margin-bottom: 40px;' class=''><div class='cma-wysiwyg-editor'><p style=\"text-align: justify;\">W\u00e4rmed\u00e4mmung ist das Herzst\u00fcck der Lauri-Gruppe, die seit den 80er Jahren im Bereich der Umr\u00fcstung von Fahrzeugen f\u00fcr den temperaturgef\u00fchrten Transport t\u00e4tig ist. Heute steht Lauri dank einer tiefen Verbindung zwischen famili\u00e4rer Leidenschaft und Unternehmergeist f\u00fcr Sicherheit, Qualit\u00e4t und Individualisierung im Bereich des K\u00fchltransports. Die st\u00e4ndige technologische Weiterentwicklung verbindet Erfahrung und Innovation.<\/p><p style=\"text-align: justify;\">Exzellenz in der K\u00e4ltetechnik ist die F\u00e4higkeit, die gesamte Produktionskette zu vereinen: von der Planung \u00fcber die kundenspezifische Fertigung aller Arten von Ger\u00e4ten und K\u00fchlaggregaten bis hin zu vielf\u00e4ltigen innovativen L\u00f6sungen.<\/p><p style=\"text-align: justify;\">Das in jahrzehntelanger Erfahrung erworbene Know-how wird an die Bed\u00fcrfnisse des Kunden angepasst, von der Projektanalyse bis zur fertigen Installation, und garantiert Qualit\u00e4t und ma\u00dfgeschneidertes Design.<\/p><\/div><\/div><ul class='company-timeline clearfix'><li>\r\n                            <div class='icon-date-container'>\r\n                                <i class='fa fa fa-user'><\/i>\r\n                            <\/div>\r\n\r\n                            <div class='timeline-item-details'>\r\n                                <h3><span class='year'>1975<\/span> 1975: Beginn der Gesch\u00e4ftst\u00e4tigkeit<\/h3>\r\n\r\n                                <p>Der Gr\u00fcnder Marzio Lauri zieht mit seiner Familie aus der Provinz nach Mantua und beginnt schon in jungen Jahren eine Lehre in einer mechanischen Werkstatt. In den 70er und 80er Jahren wird die Wekstatt Lauri zu einer Anlaufstelle f\u00fcr Autofahrer aus Mantua, die ihr Fahrzeug mit einer LPG-Anlage ausstatten lassen m\u00f6chten. Unternehmerischer Eifer und kontinuierliche Forschung f\u00fchren dazu, dass er sich in einem wachsenden und vor allem neuen Bereich versucht: dem Transport von Lebensmitteln mit K\u00fchlwagen. Die Idee wird bald mit dem Kauf eines Lagers mit angeschlossener Werkstatt in die Tat umgesetzt. Der eigentliche Durchbruch gelang jedoch mit der Entwicklung eines eigenen K\u00fchlaggregats, Frigo Lamar. Ein erfolgreiches Patent, das ein Komplettpaket bot: W\u00e4rmed\u00e4mmung und K\u00fchlaggregat in einer einzigen Lieferung.<\/p>\r\n                            <\/div>\r\n                        <\/li><li>\r\n                            <div class='icon-date-container'>\r\n                                <i class='fa fa fa-th-large'><\/i>\r\n                            <\/div>\r\n\r\n                            <div class='timeline-item-details'>\r\n                                <h3><span class='year'>1979<\/span> 1979: D\u00e4mmbaus\u00e4tze f\u00fcr K\u00fchlfahrzeuge <\/h3>\r\n\r\n                                <p>D\u00e4mmbaus\u00e4tze f\u00fcr K\u00fchlfahrzeuge werden getestet und patentiert.<\/p>\r\n                            <\/div>\r\n                        <\/li><li>\r\n                            <div class='icon-date-container'>\r\n                                <i class='fa fa fa-signal'><\/i>\r\n                            <\/div>\r\n\r\n                            <div class='timeline-item-details'>\r\n                                <h3><span class='year'>1982<\/span> 1982: Erste Fabrik in der Via Pacinotti<\/h3>\r\n\r\n                                <p>Bau der ersten Fabrik.<\/p>\r\n                            <\/div>\r\n                        <\/li><li>\r\n                            <div class='icon-date-container'>\r\n                                <i class='fa fa fa-star'><\/i>\r\n                            <\/div>\r\n\r\n                            <div class='timeline-item-details'>\r\n                                <h3><span class='year'>1984<\/span> 1984: Gr\u00fcndung von Frigo Lamar<\/h3>\r\n\r\n                                <p>In den Werkst\u00e4tten von Lauri wird die Hauptkomponente der K\u00e4ltetechnik entwickelt: das vollst\u00e4ndig intern hergestellte K\u00fchlaggregat.\n\n <\/p>\r\n                            <\/div>\r\n                        <\/li><li>\r\n                            <div class='icon-date-container'>\r\n                                <i class='fa fa fa-signal'><\/i>\r\n                            <\/div>\r\n\r\n                            <div class='timeline-item-details'>\r\n                                <h3><span class='year'>1985<\/span> 1985: Neues Unternehmen <\/h3>\r\n\r\n                                <p>Im Industriegebiet von Valdaro wird die Produktion in eine neue Halle erweitert.<\/p>\r\n                            <\/div>\r\n                        <\/li><li>\r\n                            <div class='icon-date-container'>\r\n                                <i class='fa fa fa-list-alt'><\/i>\r\n                            <\/div>\r\n\r\n                            <div class='timeline-item-details'>\r\n                                <h3><span class='year'>1995<\/span> 1995: Die Umwandlung in ein Unternehmen <\/h3>\r\n\r\n                                <p>Das Gesch\u00e4ft wird immer wichtiger: 1995 besch\u00e4ftigt das Unternehmen bereits 20 Mitarbeiter und ist ein Bezugspunkt f\u00fcr K\u00fchltransporte in Norditalien. Die einzigartige Verbindung zwischen Unternehmen und Familie bleibt die St\u00e4rke des Unternehmens, und es beginnt mit der Eigenproduktion von Paneelen f\u00fcr den Einbau von Isolieraufbauten, sowohl f\u00fcr kleine Lieferwagen als auch f\u00fcr Motorwagen bis zu 9 Metern L\u00e4nge.  Seit 2012 beginnt das Unternehmen mit dem Kauf eines CNC-Bearbeitungszentrums und eines digitalen Scanners mit der Produktion von D\u00e4mmungss\u00e4tzen f\u00fcr Original-Lieferwagen.\n<\/p>\r\n                            <\/div>\r\n                        <\/li><li>\r\n                            <div class='icon-date-container'>\r\n                                <i class='fa fa fa-signal'><\/i>\r\n                            <\/div>\r\n\r\n                            <div class='timeline-item-details'>\r\n                                <h3><span class='year'>2004<\/span> 2004: Neues Werk Lauri 2 <\/h3>\r\n\r\n                                <p>Erweiterung im neuen Werk im Industriegebiet Valdaro, Lauri 2<\/p>\r\n                            <\/div>\r\n                        <\/li><li>\r\n                            <div class='icon-date-container'>\r\n                                <i class='fa fa fa-cogs'><\/i>\r\n                            <\/div>\r\n\r\n                            <div class='timeline-item-details'>\r\n                                <h3><span class='year'>2020<\/span> 2020: Neues Arbeitszentrum<\/h3>\r\n\r\n                                Heute ist Lauri ein bedeutendes und anerkanntes Unternehmen im Bereich der Ausstattung von K\u00fchlfahrzeugen mit zwei Produktionsst\u00e4tten im Gebiet Valdaro, im Industriegebiet von Mantua, auf einer Fl\u00e4che von 16.000 m\u00b2 und mit 5.000 m\u00b2 \u00fcberdachter Halle, einer lokalen Niederlassung in Castello di Annone in der Provinz Asti f\u00fcr den nordwestitalienischen Markt und einer Produktionsst\u00e4tte in Sofia in Bulgarien, die f\u00fcr den Markt der Balkanl\u00e4nder zust\u00e4ndig ist. Forschung und Internationalisierung haben es erm\u00f6glicht, einen Wachstumskurs einzuschlagen, wo Innovation und Nachhaltigkeit heute eine entscheidende Rolle spielen, aber es ist nach wie vor die Leidenschaft, die die treibende Kraft des Unternehmens und den Wert der Familie Lauri ausmacht.\n<ul class=\"fa-ul clearfix\">\n                                        <li>\n                                            <i class=\"fa fa-li fa-long-arrow-right\"><\/i>\n                                            Photovoltaikanlagen, die das Unternehmen in Bezug auf die Energieversorgung autark machen\n                                        <\/li>\n\n                                        <li>\n                                            <i class=\"fa fa-li fa-long-arrow-right\"><\/i>\n                                            Aufstockung des Personals an den verschiedenen Produktionsstandorten, um die Produktion und Verwaltung sicherzustellen und zu gew\u00e4hrleisten \n                                        <\/li>\n\n                                        <li>\n                                            <i class=\"fa fa-li fa-long-arrow-right\"><\/i>\n                                            Erhalt der T\u00dcV-Zertifizierung nach ISO 9001 f\u00fcr die Entwicklung eines sehr wichtigen Programms auf den ausl\u00e4ndischen M\u00e4rkten.\n                                        <\/li>\r\n                            <\/div>\r\n                        <\/li><li>\r\n                            <div class='icon-date-container'>\r\n                                <i class='fa fa fa-signal'><\/i>\r\n                            <\/div>\r\n\r\n                            <div class='timeline-item-details'>\r\n                                <h3><span class='year'>2021<\/span> 2021: Neues Werk Lauri 3<\/h3>\r\n\r\n                                <p>Neues Werk im Industriegebiet Valdaro, Lauri 2<\/p>\r\n                            <\/div>\r\n                        <\/li><\/ul><\/div><\/div><\/section><\/section>","protected":false},"excerpt":{"rendered":"","protected":false},"author":1,"featured_media":0,"parent":0,"menu_order":0,"comment_status":"closed","ping_status":"closed","template":"","meta":{"inline_featured_image":false,"_mi_skip_tracking":false,"_monsterinsights_sitenote_active":false,"_monsterinsights_sitenote_note":"","_monsterinsights_sitenote_category":0},"yoast_head":"<!-- This site is optimized with the Yoast SEO plugin v20.9 - https:\/\/yoast.com\/wordpress\/plugins\/seo\/ -->\n<title>Storia - Lauri Web<\/title>\n<meta name=\"robots\" content=\"index, follow, max-snippet:-1, max-image-preview:large, max-video-preview:-1\" \/>\n<link rel=\"canonical\" href=\"https:\/\/www.lauriweb.it\/de\/storia\/\" \/>\n<meta property=\"og:locale\" content=\"de_DE\" \/>\n<meta property=\"og:type\" content=\"article\" \/>\n<meta property=\"og:title\" content=\"Storia - Lauri Web\" \/>\n<meta property=\"og:url\" content=\"https:\/\/www.lauriweb.it\/de\/storia\/\" \/>\n<meta property=\"og:site_name\" content=\"Lauri Web\" \/>\n<meta property=\"article:modified_time\" content=\"2023-04-27T13:45:41+00:00\" \/>\n<meta name=\"twitter:card\" content=\"summary_large_image\" \/>\n<script type=\"application\/ld+json\" class=\"yoast-schema-graph\">{\"@context\":\"https:\/\/schema.org\",\"@graph\":[{\"@type\":\"WebPage\",\"@id\":\"https:\/\/www.lauriweb.it\/storia\/\",\"url\":\"https:\/\/www.lauriweb.it\/storia\/\",\"name\":\"Storia - Lauri Web\",\"isPartOf\":{\"@id\":\"https:\/\/www.lauriweb.it\/#website\"},\"datePublished\":\"2015-09-18T14:02:59+00:00\",\"dateModified\":\"2023-04-27T13:45:41+00:00\",\"breadcrumb\":{\"@id\":\"https:\/\/www.lauriweb.it\/storia\/#breadcrumb\"},\"inLanguage\":\"de\",\"potentialAction\":[{\"@type\":\"ReadAction\",\"target\":[\"https:\/\/www.lauriweb.it\/storia\/\"]}]},{\"@type\":\"BreadcrumbList\",\"@id\":\"https:\/\/www.lauriweb.it\/storia\/#breadcrumb\",\"itemListElement\":[{\"@type\":\"ListItem\",\"position\":1,\"name\":\"Home\",\"item\":\"https:\/\/www.lauriweb.it\/\"},{\"@type\":\"ListItem\",\"position\":2,\"name\":\"Storia\"}]},{\"@type\":\"WebSite\",\"@id\":\"https:\/\/www.lauriweb.it\/#website\",\"url\":\"https:\/\/www.lauriweb.it\/\",\"name\":\"Lauri Web\",\"description\":\"Servizi integrati per la Refrigerazione\",\"publisher\":{\"@id\":\"https:\/\/www.lauriweb.it\/#organization\"},\"potentialAction\":[{\"@type\":\"SearchAction\",\"target\":{\"@type\":\"EntryPoint\",\"urlTemplate\":\"https:\/\/www.lauriweb.it\/?s={search_term_string}\"},\"query-input\":\"required name=search_term_string\"}],\"inLanguage\":\"de\"},{\"@type\":\"Organization\",\"@id\":\"https:\/\/www.lauriweb.it\/#organization\",\"name\":\"Lauri Web\",\"url\":\"https:\/\/www.lauriweb.it\/\",\"logo\":{\"@type\":\"ImageObject\",\"inLanguage\":\"de\",\"@id\":\"https:\/\/www.lauriweb.it\/#\/schema\/logo\/image\/\",\"url\":\"https:\/\/www.lauriweb.it\/wp-content\/uploads\/2022\/11\/LAURIWEB.png\",\"contentUrl\":\"https:\/\/www.lauriweb.it\/wp-content\/uploads\/2022\/11\/LAURIWEB.png\",\"width\":601,\"height\":234,\"caption\":\"Lauri Web\"},\"image\":{\"@id\":\"https:\/\/www.lauriweb.it\/#\/schema\/logo\/image\/\"}}]}<\/script>\n<!-- \/ Yoast SEO plugin. -->","yoast_head_json":{"title":"Storia - Lauri Web","robots":{"index":"index","follow":"follow","max-snippet":"max-snippet:-1","max-image-preview":"max-image-preview:large","max-video-preview":"max-video-preview:-1"},"canonical":"https:\/\/www.lauriweb.it\/de\/storia\/","og_locale":"de_DE","og_type":"article","og_title":"Storia - Lauri Web","og_url":"https:\/\/www.lauriweb.it\/de\/storia\/","og_site_name":"Lauri Web","article_modified_time":"2023-04-27T13:45:41+00:00","twitter_card":"summary_large_image","schema":{"@context":"https:\/\/schema.org","@graph":[{"@type":"WebPage","@id":"https:\/\/www.lauriweb.it\/storia\/","url":"https:\/\/www.lauriweb.it\/storia\/","name":"Storia - Lauri Web","isPartOf":{"@id":"https:\/\/www.lauriweb.it\/#website"},"datePublished":"2015-09-18T14:02:59+00:00","dateModified":"2023-04-27T13:45:41+00:00","breadcrumb":{"@id":"https:\/\/www.lauriweb.it\/storia\/#breadcrumb"},"inLanguage":"de","potentialAction":[{"@type":"ReadAction","target":["https:\/\/www.lauriweb.it\/storia\/"]}]},{"@type":"BreadcrumbList","@id":"https:\/\/www.lauriweb.it\/storia\/#breadcrumb","itemListElement":[{"@type":"ListItem","position":1,"name":"Home","item":"https:\/\/www.lauriweb.it\/"},{"@type":"ListItem","position":2,"name":"Storia"}]},{"@type":"WebSite","@id":"https:\/\/www.lauriweb.it\/#website","url":"https:\/\/www.lauriweb.it\/","name":"Lauri Web","description":"Servizi integrati per la Refrigerazione","publisher":{"@id":"https:\/\/www.lauriweb.it\/#organization"},"potentialAction":[{"@type":"SearchAction","target":{"@type":"EntryPoint","urlTemplate":"https:\/\/www.lauriweb.it\/?s={search_term_string}"},"query-input":"required name=search_term_string"}],"inLanguage":"de"},{"@type":"Organization","@id":"https:\/\/www.lauriweb.it\/#organization","name":"Lauri Web","url":"https:\/\/www.lauriweb.it\/","logo":{"@type":"ImageObject","inLanguage":"de","@id":"https:\/\/www.lauriweb.it\/#\/schema\/logo\/image\/","url":"https:\/\/www.lauriweb.it\/wp-content\/uploads\/2022\/11\/LAURIWEB.png","contentUrl":"https:\/\/www.lauriweb.it\/wp-content\/uploads\/2022\/11\/LAURIWEB.png","width":601,"height":234,"caption":"Lauri Web"},"image":{"@id":"https:\/\/www.lauriweb.it\/#\/schema\/logo\/image\/"}}]}},"_links":{"self":[{"href":"https:\/\/www.lauriweb.it\/de\/wp-json\/wp\/v2\/pages\/240"}],"collection":[{"href":"https:\/\/www.lauriweb.it\/de\/wp-json\/wp\/v2\/pages"}],"about":[{"href":"https:\/\/www.lauriweb.it\/de\/wp-json\/wp\/v2\/types\/page"}],"author":[{"embeddable":true,"href":"https:\/\/www.lauriweb.it\/de\/wp-json\/wp\/v2\/users\/1"}],"replies":[{"embeddable":true,"href":"https:\/\/www.lauriweb.it\/de\/wp-json\/wp\/v2\/comments?post=240"}],"version-history":[{"count":1,"href":"https:\/\/www.lauriweb.it\/de\/wp-json\/wp\/v2\/pages\/240\/revisions"}],"predecessor-version":[{"id":809,"href":"https:\/\/www.lauriweb.it\/de\/wp-json\/wp\/v2\/pages\/240\/revisions\/809"}],"wp:attachment":[{"href":"https:\/\/www.lauriweb.it\/de\/wp-json\/wp\/v2\/media?parent=240"}],"curies":[{"name":"wp","href":"https:\/\/api.w.org\/{rel}","templated":true}]}}