{"id":314,"date":"2015-09-21T07:29:32","date_gmt":"2015-09-21T07:29:32","guid":{"rendered":"http:\/\/pixel-industry.com\/dummy_wp\/trucking\/?page_id=314"},"modified":"2023-04-21T16:14:18","modified_gmt":"2023-04-21T14:14:18","slug":"coibentazioni","status":"publish","type":"page","link":"https:\/\/www.lauriweb.it\/de\/coibentazioni\/","title":{"rendered":"W\u00e4rmed\u00e4mmung"},"content":{"rendered":"<section class='page-content' style=''  ><section class='container'><div class='row' style=''><div class='col-md-6' style='margin-top:40px;' ><div class='custom-heading'>\r\n                            <h2>W\u00e4rmed\u00e4mmung<\/h2>                            \r\n                        <\/div><div class='cma-wysiwyg-editor'><p style=\"text-align: justify;\">Die W\u00e4rmed\u00e4mmung von Nutzfahrzeugen ist das Kerngesch\u00e4ft der Lauri-Gruppe.<\/p><p style=\"text-align: justify;\">Unsere Isolierung besteht aus passgenau geformten Paneelen, die sich exakt an die Konturen des Fahrzeuginnenraums anpassen. Dadurch wird das Innenvolumen optimal genutzt, ohne zus\u00e4tzliche Verst\u00e4rkungen oder St\u00fctzen, die den Laderaum einschr\u00e4nken w\u00fcrden.<\/p><p style=\"text-align: justify;\">Die Isolierpaneele werden im Direktverfahren gefertigt und mit einer einbaufertigen Oberfl\u00e4che geliefert, sodass keine zus\u00e4tzliche Lackierung erforderlich ist. Das Formpressverfahren gew\u00e4hrleistet eine glatte, widerstandsf\u00e4hige und hochwertige Oberfl\u00e4che.<\/p><p style=\"text-align: justify;\">Je nach Einsatzzweck kann die W\u00e4rmed\u00e4mmung mit verschiedenem Zubeh\u00f6r ausgestattet und individuell erg\u00e4nzt werden.<\/p><\/div><\/div><div class='col-md-6' style='' ><div class='triggerAnimation animated' data-animate='zoomIn' ><img src='https:\/\/www.lauriweb.it\/wp-content\/uploads\/2023\/01\/coibentazioni16.jpg' class='left' title='coibentazioni16' alt='coibentazioni16' width='800' height='600'\/><div class='clearfix'><\/div><\/div><\/div><\/div><div class='row' style=''><div class='col-md-12' style='' ><div class='cma-wysiwyg-editor'><p>\n\t\t<style type=\"text\/css\">\n\t\t\t#gallery-1 {\n\t\t\t\tmargin: auto;\n\t\t\t}\n\t\t\t#gallery-1 .gallery-item {\n\t\t\t\tfloat: left;\n\t\t\t\tmargin-top: 10px;\n\t\t\t\ttext-align: center;\n\t\t\t\twidth: 33%;\n\t\t\t}\n\t\t\t#gallery-1 img {\n\t\t\t\tborder: 2px solid #cfcfcf;\n\t\t\t}\n\t\t\t#gallery-1 .gallery-caption {\n\t\t\t\tmargin-left: 0;\n\t\t\t}\n\t\t\t\/* see gallery_shortcode() in wp-includes\/media.php *\/\n\t\t<\/style>\n\t\t<div id='gallery-1' class='gallery galleryid-314 gallery-columns-3 gallery-size-large'><dl class='gallery-item'>\n\t\t\t<dt class='gallery-icon landscape'>\n\t\t\t\t<a href='https:\/\/www.lauriweb.it\/wp-content\/uploads\/2023\/04\/Coibentation12.jpg'><img width=\"1024\" height=\"683\" src=\"https:\/\/www.lauriweb.it\/wp-content\/uploads\/2023\/04\/Coibentation12-1024x683.jpg\" class=\"attachment-large size-large\" alt=\"Coibentazione \/ allestimento isotermico \/ Renault Master \/ LMK 3.5 Slim \/ piano di carico\" decoding=\"async\" loading=\"lazy\" srcset=\"https:\/\/www.lauriweb.it\/wp-content\/uploads\/2023\/04\/Coibentation12-1024x683.jpg 1024w, https:\/\/www.lauriweb.it\/wp-content\/uploads\/2023\/04\/Coibentation12-300x200.jpg 300w, https:\/\/www.lauriweb.it\/wp-content\/uploads\/2023\/04\/Coibentation12-768x512.jpg 768w, https:\/\/www.lauriweb.it\/wp-content\/uploads\/2023\/04\/Coibentation12.jpg 1200w\" sizes=\"(max-width: 1024px) 100vw, 1024px\" \/><\/a>\n\t\t\t<\/dt><\/dl><dl class='gallery-item'>\n\t\t\t<dt class='gallery-icon landscape'>\n\t\t\t\t<a href='https:\/\/www.lauriweb.it\/wp-content\/uploads\/2023\/04\/Coibentation11.jpg'><img width=\"1024\" height=\"683\" src=\"https:\/\/www.lauriweb.it\/wp-content\/uploads\/2023\/04\/Coibentation11-1024x683.jpg\" class=\"attachment-large size-large\" alt=\"Coibentazione \/ allestimento isotermico \/ Renault Master \/ LMK 3.5 Slim \/ piano di carico\" decoding=\"async\" loading=\"lazy\" srcset=\"https:\/\/www.lauriweb.it\/wp-content\/uploads\/2023\/04\/Coibentation11-1024x683.jpg 1024w, https:\/\/www.lauriweb.it\/wp-content\/uploads\/2023\/04\/Coibentation11-300x200.jpg 300w, https:\/\/www.lauriweb.it\/wp-content\/uploads\/2023\/04\/Coibentation11-768x512.jpg 768w, https:\/\/www.lauriweb.it\/wp-content\/uploads\/2023\/04\/Coibentation11.jpg 1200w\" sizes=\"(max-width: 1024px) 100vw, 1024px\" \/><\/a>\n\t\t\t<\/dt><\/dl><dl class='gallery-item'>\n\t\t\t<dt class='gallery-icon landscape'>\n\t\t\t\t<a href='https:\/\/www.lauriweb.it\/wp-content\/uploads\/2023\/04\/Coibentation10.jpg'><img width=\"1024\" height=\"683\" src=\"https:\/\/www.lauriweb.it\/wp-content\/uploads\/2023\/04\/Coibentation10-1024x683.jpg\" class=\"attachment-large size-large\" alt=\"Coibentazione \/ allestimento isotermico \/ personalizzazione \/ Toyota proace \/ fiat scudo \/ opel vivaro \/ citroen jumpy \/ peugeot expert \/ LMK 3.5 Slim\" decoding=\"async\" loading=\"lazy\" srcset=\"https:\/\/www.lauriweb.it\/wp-content\/uploads\/2023\/04\/Coibentation10-1024x683.jpg 1024w, https:\/\/www.lauriweb.it\/wp-content\/uploads\/2023\/04\/Coibentation10-300x200.jpg 300w, https:\/\/www.lauriweb.it\/wp-content\/uploads\/2023\/04\/Coibentation10-768x512.jpg 768w, https:\/\/www.lauriweb.it\/wp-content\/uploads\/2023\/04\/Coibentation10.jpg 1200w\" sizes=\"(max-width: 1024px) 100vw, 1024px\" \/><\/a>\n\t\t\t<\/dt><\/dl><br style=\"clear: both\" \/><dl class='gallery-item'>\n\t\t\t<dt class='gallery-icon landscape'>\n\t\t\t\t<a href='https:\/\/www.lauriweb.it\/wp-content\/uploads\/2023\/04\/Coibentation8.jpg'><img width=\"1024\" height=\"683\" src=\"https:\/\/www.lauriweb.it\/wp-content\/uploads\/2023\/04\/Coibentation8-1024x683.jpg\" class=\"attachment-large size-large\" alt=\"Coibentazione \/ allestimento isotermico \/ personalizzazione \/ Toyota proace \/ fiat scudo \/ opel vivaro \/ citroen jumpy \/ peugeot expert \/ LMK 1.2 Slim\" decoding=\"async\" loading=\"lazy\" srcset=\"https:\/\/www.lauriweb.it\/wp-content\/uploads\/2023\/04\/Coibentation8-1024x683.jpg 1024w, https:\/\/www.lauriweb.it\/wp-content\/uploads\/2023\/04\/Coibentation8-300x200.jpg 300w, https:\/\/www.lauriweb.it\/wp-content\/uploads\/2023\/04\/Coibentation8-768x512.jpg 768w, https:\/\/www.lauriweb.it\/wp-content\/uploads\/2023\/04\/Coibentation8.jpg 1200w\" sizes=\"(max-width: 1024px) 100vw, 1024px\" \/><\/a>\n\t\t\t<\/dt><\/dl><dl class='gallery-item'>\n\t\t\t<dt class='gallery-icon landscape'>\n\t\t\t\t<a href='https:\/\/www.lauriweb.it\/wp-content\/uploads\/2023\/04\/Coibentation7.jpg'><img width=\"1024\" height=\"683\" src=\"https:\/\/www.lauriweb.it\/wp-content\/uploads\/2023\/04\/Coibentation7-1024x683.jpg\" class=\"attachment-large size-large\" alt=\"Coibentazione \/ allestimento isotermico \/ flotta\" decoding=\"async\" loading=\"lazy\" srcset=\"https:\/\/www.lauriweb.it\/wp-content\/uploads\/2023\/04\/Coibentation7-1024x683.jpg 1024w, https:\/\/www.lauriweb.it\/wp-content\/uploads\/2023\/04\/Coibentation7-300x200.jpg 300w, https:\/\/www.lauriweb.it\/wp-content\/uploads\/2023\/04\/Coibentation7-768x512.jpg 768w, https:\/\/www.lauriweb.it\/wp-content\/uploads\/2023\/04\/Coibentation7.jpg 1200w\" sizes=\"(max-width: 1024px) 100vw, 1024px\" \/><\/a>\n\t\t\t<\/dt><\/dl><dl class='gallery-item'>\n\t\t\t<dt class='gallery-icon landscape'>\n\t\t\t\t<a href='https:\/\/www.lauriweb.it\/wp-content\/uploads\/2023\/04\/Coibentation6.jpg'><img width=\"1024\" height=\"683\" src=\"https:\/\/www.lauriweb.it\/wp-content\/uploads\/2023\/04\/Coibentation6-1024x683.jpg\" class=\"attachment-large size-large\" alt=\"Coibentazione \/ allestimento isotermico \/ flotta\" decoding=\"async\" loading=\"lazy\" srcset=\"https:\/\/www.lauriweb.it\/wp-content\/uploads\/2023\/04\/Coibentation6-1024x683.jpg 1024w, https:\/\/www.lauriweb.it\/wp-content\/uploads\/2023\/04\/Coibentation6-300x200.jpg 300w, https:\/\/www.lauriweb.it\/wp-content\/uploads\/2023\/04\/Coibentation6-768x512.jpg 768w, https:\/\/www.lauriweb.it\/wp-content\/uploads\/2023\/04\/Coibentation6.jpg 1200w\" sizes=\"(max-width: 1024px) 100vw, 1024px\" \/><\/a>\n\t\t\t<\/dt><\/dl><br style=\"clear: both\" \/><dl class='gallery-item'>\n\t\t\t<dt class='gallery-icon landscape'>\n\t\t\t\t<a href='https:\/\/www.lauriweb.it\/wp-content\/uploads\/2023\/04\/Coibentation5.jpg'><img width=\"1024\" height=\"683\" src=\"https:\/\/www.lauriweb.it\/wp-content\/uploads\/2023\/04\/Coibentation5-1024x683.jpg\" class=\"attachment-large size-large\" alt=\"Coibentazione \/ allestimento isotermico \/ scaffali \/ personalizzazione \/ alluminio \/ acciaio INOX\" decoding=\"async\" loading=\"lazy\" srcset=\"https:\/\/www.lauriweb.it\/wp-content\/uploads\/2023\/04\/Coibentation5-1024x683.jpg 1024w, https:\/\/www.lauriweb.it\/wp-content\/uploads\/2023\/04\/Coibentation5-300x200.jpg 300w, https:\/\/www.lauriweb.it\/wp-content\/uploads\/2023\/04\/Coibentation5-768x512.jpg 768w, https:\/\/www.lauriweb.it\/wp-content\/uploads\/2023\/04\/Coibentation5.jpg 1200w\" sizes=\"(max-width: 1024px) 100vw, 1024px\" \/><\/a>\n\t\t\t<\/dt><\/dl><dl class='gallery-item'>\n\t\t\t<dt class='gallery-icon landscape'>\n\t\t\t\t<a href='https:\/\/www.lauriweb.it\/wp-content\/uploads\/2023\/04\/Coibentation4.jpg'><img width=\"1024\" height=\"683\" src=\"https:\/\/www.lauriweb.it\/wp-content\/uploads\/2023\/04\/Coibentation4-1024x683.jpg\" class=\"attachment-large size-large\" alt=\"Coibentazione \/ allestimento isotermico \/ personalizzazione \/ Toyota proace \/ fiat scudo \/ opel vivaro \/ citroen jumpy \/ peugeot expert \/ LMK 3.5 Slim\" decoding=\"async\" loading=\"lazy\" srcset=\"https:\/\/www.lauriweb.it\/wp-content\/uploads\/2023\/04\/Coibentation4-1024x683.jpg 1024w, https:\/\/www.lauriweb.it\/wp-content\/uploads\/2023\/04\/Coibentation4-300x200.jpg 300w, https:\/\/www.lauriweb.it\/wp-content\/uploads\/2023\/04\/Coibentation4-768x512.jpg 768w, https:\/\/www.lauriweb.it\/wp-content\/uploads\/2023\/04\/Coibentation4.jpg 1200w\" sizes=\"(max-width: 1024px) 100vw, 1024px\" \/><\/a>\n\t\t\t<\/dt><\/dl><dl class='gallery-item'>\n\t\t\t<dt class='gallery-icon landscape'>\n\t\t\t\t<a href='https:\/\/www.lauriweb.it\/wp-content\/uploads\/2023\/04\/Coibentation3.jpg'><img width=\"1024\" height=\"683\" src=\"https:\/\/www.lauriweb.it\/wp-content\/uploads\/2023\/04\/Coibentation3-1024x683.jpg\" class=\"attachment-large size-large\" alt=\"Coibentazione \/ allestimento isotermico \/ flotta \/ LMK 1.2 Slim \/ fiat dobl\u00f2\" decoding=\"async\" loading=\"lazy\" srcset=\"https:\/\/www.lauriweb.it\/wp-content\/uploads\/2023\/04\/Coibentation3-1024x683.jpg 1024w, https:\/\/www.lauriweb.it\/wp-content\/uploads\/2023\/04\/Coibentation3-300x200.jpg 300w, https:\/\/www.lauriweb.it\/wp-content\/uploads\/2023\/04\/Coibentation3-768x512.jpg 768w, https:\/\/www.lauriweb.it\/wp-content\/uploads\/2023\/04\/Coibentation3.jpg 1200w\" sizes=\"(max-width: 1024px) 100vw, 1024px\" \/><\/a>\n\t\t\t<\/dt><\/dl><br style=\"clear: both\" \/><dl class='gallery-item'>\n\t\t\t<dt class='gallery-icon landscape'>\n\t\t\t\t<a href='https:\/\/www.lauriweb.it\/wp-content\/uploads\/2023\/04\/Coibentation2.jpg'><img width=\"1024\" height=\"683\" src=\"https:\/\/www.lauriweb.it\/wp-content\/uploads\/2023\/04\/Coibentation2-1024x683.jpg\" class=\"attachment-large size-large\" alt=\"Coibentazione \/ allestimento isotermico \/ Renault Master \/ LMK 3.5 Slim \/ piano di carico\" decoding=\"async\" loading=\"lazy\" srcset=\"https:\/\/www.lauriweb.it\/wp-content\/uploads\/2023\/04\/Coibentation2-1024x683.jpg 1024w, https:\/\/www.lauriweb.it\/wp-content\/uploads\/2023\/04\/Coibentation2-300x200.jpg 300w, https:\/\/www.lauriweb.it\/wp-content\/uploads\/2023\/04\/Coibentation2-768x512.jpg 768w, https:\/\/www.lauriweb.it\/wp-content\/uploads\/2023\/04\/Coibentation2.jpg 1200w\" sizes=\"(max-width: 1024px) 100vw, 1024px\" \/><\/a>\n\t\t\t<\/dt><\/dl><dl class='gallery-item'>\n\t\t\t<dt class='gallery-icon landscape'>\n\t\t\t\t<a href='https:\/\/www.lauriweb.it\/wp-content\/uploads\/2023\/04\/Coibentation1.jpg'><img width=\"1024\" height=\"683\" src=\"https:\/\/www.lauriweb.it\/wp-content\/uploads\/2023\/04\/Coibentation1-1024x683.jpg\" class=\"attachment-large size-large\" alt=\"Coibentazione \/ allestimento isotermico \/ Renault Master \/ LMK 3.5 Slim \/ piano di carico\" decoding=\"async\" loading=\"lazy\" srcset=\"https:\/\/www.lauriweb.it\/wp-content\/uploads\/2023\/04\/Coibentation1-1024x683.jpg 1024w, https:\/\/www.lauriweb.it\/wp-content\/uploads\/2023\/04\/Coibentation1-300x200.jpg 300w, https:\/\/www.lauriweb.it\/wp-content\/uploads\/2023\/04\/Coibentation1-768x512.jpg 768w, https:\/\/www.lauriweb.it\/wp-content\/uploads\/2023\/04\/Coibentation1.jpg 1200w\" sizes=\"(max-width: 1024px) 100vw, 1024px\" \/><\/a>\n\t\t\t<\/dt><\/dl>\n\t\t\t<br style='clear: both' \/>\n\t\t<\/div>\n<\/p><\/div><\/div><\/div><\/section><\/section>","protected":false},"excerpt":{"rendered":"","protected":false},"author":1,"featured_media":0,"parent":0,"menu_order":0,"comment_status":"closed","ping_status":"closed","template":"","meta":{"inline_featured_image":false,"_mi_skip_tracking":false,"_monsterinsights_sitenote_active":false,"_monsterinsights_sitenote_note":"","_monsterinsights_sitenote_category":0},"yoast_head":"<!-- This site is optimized with the Yoast SEO plugin v20.9 - https:\/\/yoast.com\/wordpress\/plugins\/seo\/ -->\n<title>Coibentazioni - Lauri Web<\/title>\n<meta name=\"robots\" content=\"index, follow, max-snippet:-1, max-image-preview:large, max-video-preview:-1\" \/>\n<link rel=\"canonical\" href=\"https:\/\/www.lauriweb.it\/de\/coibentazioni\/\" \/>\n<meta property=\"og:locale\" content=\"de_DE\" \/>\n<meta property=\"og:type\" content=\"article\" \/>\n<meta property=\"og:title\" content=\"Coibentazioni - Lauri Web\" \/>\n<meta property=\"og:url\" content=\"https:\/\/www.lauriweb.it\/de\/coibentazioni\/\" \/>\n<meta property=\"og:site_name\" content=\"Lauri Web\" \/>\n<meta property=\"article:modified_time\" content=\"2023-04-21T14:14:18+00:00\" \/>\n<meta name=\"twitter:card\" content=\"summary_large_image\" \/>\n<meta name=\"twitter:label1\" content=\"Gesch\u00e4tzte Lesezeit\" \/>\n\t<meta name=\"twitter:data1\" content=\"1\u00a0Minute\" \/>\n<script type=\"application\/ld+json\" class=\"yoast-schema-graph\">{\"@context\":\"https:\/\/schema.org\",\"@graph\":[{\"@type\":\"WebPage\",\"@id\":\"https:\/\/www.lauriweb.it\/coibentazioni\/\",\"url\":\"https:\/\/www.lauriweb.it\/coibentazioni\/\",\"name\":\"Coibentazioni - Lauri Web\",\"isPartOf\":{\"@id\":\"https:\/\/www.lauriweb.it\/#website\"},\"datePublished\":\"2015-09-21T07:29:32+00:00\",\"dateModified\":\"2023-04-21T14:14:18+00:00\",\"breadcrumb\":{\"@id\":\"https:\/\/www.lauriweb.it\/coibentazioni\/#breadcrumb\"},\"inLanguage\":\"de\",\"potentialAction\":[{\"@type\":\"ReadAction\",\"target\":[\"https:\/\/www.lauriweb.it\/coibentazioni\/\"]}]},{\"@type\":\"BreadcrumbList\",\"@id\":\"https:\/\/www.lauriweb.it\/coibentazioni\/#breadcrumb\",\"itemListElement\":[{\"@type\":\"ListItem\",\"position\":1,\"name\":\"Home\",\"item\":\"https:\/\/www.lauriweb.it\/\"},{\"@type\":\"ListItem\",\"position\":2,\"name\":\"Coibentazioni\"}]},{\"@type\":\"WebSite\",\"@id\":\"https:\/\/www.lauriweb.it\/#website\",\"url\":\"https:\/\/www.lauriweb.it\/\",\"name\":\"Lauri Web\",\"description\":\"Servizi integrati per la Refrigerazione\",\"publisher\":{\"@id\":\"https:\/\/www.lauriweb.it\/#organization\"},\"potentialAction\":[{\"@type\":\"SearchAction\",\"target\":{\"@type\":\"EntryPoint\",\"urlTemplate\":\"https:\/\/www.lauriweb.it\/?s={search_term_string}\"},\"query-input\":\"required name=search_term_string\"}],\"inLanguage\":\"de\"},{\"@type\":\"Organization\",\"@id\":\"https:\/\/www.lauriweb.it\/#organization\",\"name\":\"Lauri Web\",\"url\":\"https:\/\/www.lauriweb.it\/\",\"logo\":{\"@type\":\"ImageObject\",\"inLanguage\":\"de\",\"@id\":\"https:\/\/www.lauriweb.it\/#\/schema\/logo\/image\/\",\"url\":\"https:\/\/www.lauriweb.it\/wp-content\/uploads\/2022\/11\/LAURIWEB.png\",\"contentUrl\":\"https:\/\/www.lauriweb.it\/wp-content\/uploads\/2022\/11\/LAURIWEB.png\",\"width\":601,\"height\":234,\"caption\":\"Lauri Web\"},\"image\":{\"@id\":\"https:\/\/www.lauriweb.it\/#\/schema\/logo\/image\/\"}}]}<\/script>\n<!-- \/ Yoast SEO plugin. -->","yoast_head_json":{"title":"Coibentazioni - Lauri Web","robots":{"index":"index","follow":"follow","max-snippet":"max-snippet:-1","max-image-preview":"max-image-preview:large","max-video-preview":"max-video-preview:-1"},"canonical":"https:\/\/www.lauriweb.it\/de\/coibentazioni\/","og_locale":"de_DE","og_type":"article","og_title":"Coibentazioni - Lauri Web","og_url":"https:\/\/www.lauriweb.it\/de\/coibentazioni\/","og_site_name":"Lauri Web","article_modified_time":"2023-04-21T14:14:18+00:00","twitter_card":"summary_large_image","twitter_misc":{"Gesch\u00e4tzte Lesezeit":"1\u00a0Minute"},"schema":{"@context":"https:\/\/schema.org","@graph":[{"@type":"WebPage","@id":"https:\/\/www.lauriweb.it\/coibentazioni\/","url":"https:\/\/www.lauriweb.it\/coibentazioni\/","name":"Coibentazioni - Lauri Web","isPartOf":{"@id":"https:\/\/www.lauriweb.it\/#website"},"datePublished":"2015-09-21T07:29:32+00:00","dateModified":"2023-04-21T14:14:18+00:00","breadcrumb":{"@id":"https:\/\/www.lauriweb.it\/coibentazioni\/#breadcrumb"},"inLanguage":"de","potentialAction":[{"@type":"ReadAction","target":["https:\/\/www.lauriweb.it\/coibentazioni\/"]}]},{"@type":"BreadcrumbList","@id":"https:\/\/www.lauriweb.it\/coibentazioni\/#breadcrumb","itemListElement":[{"@type":"ListItem","position":1,"name":"Home","item":"https:\/\/www.lauriweb.it\/"},{"@type":"ListItem","position":2,"name":"Coibentazioni"}]},{"@type":"WebSite","@id":"https:\/\/www.lauriweb.it\/#website","url":"https:\/\/www.lauriweb.it\/","name":"Lauri Web","description":"Servizi integrati per la Refrigerazione","publisher":{"@id":"https:\/\/www.lauriweb.it\/#organization"},"potentialAction":[{"@type":"SearchAction","target":{"@type":"EntryPoint","urlTemplate":"https:\/\/www.lauriweb.it\/?s={search_term_string}"},"query-input":"required name=search_term_string"}],"inLanguage":"de"},{"@type":"Organization","@id":"https:\/\/www.lauriweb.it\/#organization","name":"Lauri Web","url":"https:\/\/www.lauriweb.it\/","logo":{"@type":"ImageObject","inLanguage":"de","@id":"https:\/\/www.lauriweb.it\/#\/schema\/logo\/image\/","url":"https:\/\/www.lauriweb.it\/wp-content\/uploads\/2022\/11\/LAURIWEB.png","contentUrl":"https:\/\/www.lauriweb.it\/wp-content\/uploads\/2022\/11\/LAURIWEB.png","width":601,"height":234,"caption":"Lauri Web"},"image":{"@id":"https:\/\/www.lauriweb.it\/#\/schema\/logo\/image\/"}}]}},"_links":{"self":[{"href":"https:\/\/www.lauriweb.it\/de\/wp-json\/wp\/v2\/pages\/314"}],"collection":[{"href":"https:\/\/www.lauriweb.it\/de\/wp-json\/wp\/v2\/pages"}],"about":[{"href":"https:\/\/www.lauriweb.it\/de\/wp-json\/wp\/v2\/types\/page"}],"author":[{"embeddable":true,"href":"https:\/\/www.lauriweb.it\/de\/wp-json\/wp\/v2\/users\/1"}],"replies":[{"embeddable":true,"href":"https:\/\/www.lauriweb.it\/de\/wp-json\/wp\/v2\/comments?post=314"}],"version-history":[{"count":20,"href":"https:\/\/www.lauriweb.it\/de\/wp-json\/wp\/v2\/pages\/314\/revisions"}],"predecessor-version":[{"id":1430,"href":"https:\/\/www.lauriweb.it\/de\/wp-json\/wp\/v2\/pages\/314\/revisions\/1430"}],"wp:attachment":[{"href":"https:\/\/www.lauriweb.it\/de\/wp-json\/wp\/v2\/media?parent=314"}],"curies":[{"name":"wp","href":"https:\/\/api.w.org\/{rel}","templated":true}]}}