{"id":333,"date":"2015-09-21T12:50:45","date_gmt":"2015-09-21T12:50:45","guid":{"rendered":"http:\/\/pixel-industry.com\/dummy_wp\/trucking\/?page_id=333"},"modified":"2023-04-20T19:47:55","modified_gmt":"2023-04-20T17:47:55","slug":"innovazione-e-sostenibilita","status":"publish","type":"page","link":"https:\/\/www.lauriweb.it\/de\/innovazione-e-sostenibilita\/","title":{"rendered":"Innovation und Nachhaltigkeit"},"content":{"rendered":"<section class='page-content' style=''  ><section class='container'><div class='row' style='margin-bottom: 20px ;'><div class='col-md-12' style='' ><div style='margin-bottom: 20px;' class=''><img src='https:\/\/www.lauriweb.it\/wp-content\/uploads\/2023\/04\/innovazione1.jpg' class='center' title='innovazione1' alt='innovazione1' width='1000' height='600'\/><div class='clearfix'><\/div><\/div><div class='custom-heading'>\r\n                            <h2>INNOVATION UND NACHHALTIGKEIT<\/h2>                            \r\n                        <\/div><div class='cma-wysiwyg-editor'><p style=\"text-align: justify;\">Lauri ist st\u00e4ndig auf der Suche nach einem \u00f6kologisch nachhaltigen Produktionsmodell.<\/p><p style=\"text-align: justify;\">Zur Nutzung von Photovoltaikmodulen f\u00fcr die Energieversorgung der Produktion kam die Einf\u00fchrung eines innovativen Verbundmaterials hinzu.<\/p><p>Lauri SRL arbeitet mit einem Partner zusammen, der aus dem Recycling von thermisch ausgeh\u00e4rteten Hartschaumstoffen ein umweltfreundliches Produkt herstellt, dessen Eigenschaften denen von normalem Holz \u00fcberlegen sind.<\/p><p>Es handelt sich dabei um Bau- oder F\u00fcllmaterialien, die \u00fcberwiegend aus dem Recycling von thermisch ausgeh\u00e4rteten Hartschaumstoffen wie Polyurethan hergestellt werden. Die Hauptmerkmale dieser Produktfamilie sind ihre Dimensionsstabilit\u00e4t, ihre Best\u00e4ndigkeit gegen\u00fcber allen Umgebungsbedingungen und ihre perfekte Verarbeitbarkeit mit den g\u00e4ngigsten Tischlerwerkzeugen und -techniken.\u00a0<\/p><\/div><\/div><\/div><div class='row' style=''><div class='col-md-5' style='' ><img src='https:\/\/www.lauriweb.it\/wp-content\/uploads\/2023\/04\/gres.jpg' class='center' title='gres' alt='gres' width='900' height='1000'\/><div class='clearfix'><\/div><img src='https:\/\/www.lauriweb.it\/wp-content\/uploads\/2023\/04\/European-USA-Patent.png' class='left' title='European & USA Patent' alt='European & USA Patent' width='95' height='87'\/><div class='clearfix'><\/div><div class='cma-wysiwyg-editor'><p><em>100% recycelt und recycelbar<\/em><\/p><\/div><\/div><div class='col-md-7' style='' ><div class='cma-wysiwyg-editor'><p>Die haupts\u00e4chlich verwendete Platte besteht zu 90-94 % aus recycelten thermisch ausgeh\u00e4rteten Schaumstoffen (PUR\/PIR-Polyurethan, PET, PVC und Glasfaser), die unter Druck mit einem minimalen Anteil an neuen Klebstoffen wiederverarbeitet werden. Das Verfahren ist patentiert und erzeugt ein Material, das am Ende seiner Lebensdauer erneut recycelt werden kann. Die homogene Dichte der Platte (von 450 bis 800 kg\/m3) garantiert die Robustheit des gesamten Abschnitts und erm\u00f6glicht auch eine dreidimensionale Bearbeitung der Platte.<\/p><p><strong>Die Platte ist auch deshalb umweltfreundlich, weil sie frei von FCKW und HFCKW ist.<\/strong>\u00a0<\/p><\/div><ul class='fa-ul large-icons theme-color-icons'><li>\r\n                                <div class='icon-container' data-animate='zoomIn'>\r\n                                    <i class='fa fa-check-circle' ><\/i>\r\n                                <\/div>\r\n                                <div class='li-content'>\r\n                                    <h4>Gleichm\u00e4\u00dfige Dichte<\/h4>\r\n                                    <p>Gew\u00e4hrleistet die Robustheit des gesamten Querschnitts<\/p>\r\n                                <\/div>                                \r\n                            <\/li><li>\r\n                                <div class='icon-container' data-animate='zoomIn'>\r\n                                    <i class='fa fa-check-circle' ><\/i>\r\n                                <\/div>\r\n                                <div class='li-content'>\r\n                                    <h4>Formstabilit\u00e4t<\/h4>\r\n                                    <p><\/p>\r\n                                <\/div>                                \r\n                            <\/li><li>\r\n                                <div class='icon-container' data-animate='zoomIn'>\r\n                                    <i class='fa fa-check-circle' ><\/i>\r\n                                <\/div>\r\n                                <div class='li-content'>\r\n                                    <h4>Geringeres Gewicht<\/h4>\r\n                                    <p><\/p>\r\n                                <\/div>                                \r\n                            <\/li><li>\r\n                                <div class='icon-container' data-animate='zoomIn'>\r\n                                    <i class='fa fa-check-circle' ><\/i>\r\n                                <\/div>\r\n                                <div class='li-content'>\r\n                                    <h4>Geringere W\u00e4rmeleitf\u00e4higkeit <\/h4>\r\n                                    <p>(0,13 W\/mK)<\/p>\r\n                                <\/div>                                \r\n                            <\/li><\/ul><\/div><\/div><\/section><\/section>","protected":false},"excerpt":{"rendered":"","protected":false},"author":1,"featured_media":0,"parent":0,"menu_order":0,"comment_status":"closed","ping_status":"closed","template":"","meta":{"inline_featured_image":false,"_mi_skip_tracking":false,"_monsterinsights_sitenote_active":false,"_monsterinsights_sitenote_note":"","_monsterinsights_sitenote_category":0},"yoast_head":"<!-- This site is optimized with the Yoast SEO plugin v20.9 - https:\/\/yoast.com\/wordpress\/plugins\/seo\/ -->\n<title>Innovazione e Sostenibilit\u00e0 - Lauri Web<\/title>\n<meta name=\"robots\" content=\"index, follow, max-snippet:-1, max-image-preview:large, max-video-preview:-1\" \/>\n<link rel=\"canonical\" href=\"https:\/\/www.lauriweb.it\/de\/innovazione-e-sostenibilita\/\" \/>\n<meta property=\"og:locale\" content=\"de_DE\" \/>\n<meta property=\"og:type\" content=\"article\" \/>\n<meta property=\"og:title\" content=\"Innovazione e Sostenibilit\u00e0 - Lauri Web\" \/>\n<meta property=\"og:url\" content=\"https:\/\/www.lauriweb.it\/de\/innovazione-e-sostenibilita\/\" \/>\n<meta property=\"og:site_name\" content=\"Lauri Web\" \/>\n<meta property=\"article:modified_time\" content=\"2023-04-20T17:47:55+00:00\" \/>\n<meta name=\"twitter:card\" content=\"summary_large_image\" \/>\n<script type=\"application\/ld+json\" class=\"yoast-schema-graph\">{\"@context\":\"https:\/\/schema.org\",\"@graph\":[{\"@type\":\"WebPage\",\"@id\":\"https:\/\/www.lauriweb.it\/innovazione-e-sostenibilita\/\",\"url\":\"https:\/\/www.lauriweb.it\/innovazione-e-sostenibilita\/\",\"name\":\"Innovazione e Sostenibilit\u00e0 - Lauri Web\",\"isPartOf\":{\"@id\":\"https:\/\/www.lauriweb.it\/#website\"},\"datePublished\":\"2015-09-21T12:50:45+00:00\",\"dateModified\":\"2023-04-20T17:47:55+00:00\",\"breadcrumb\":{\"@id\":\"https:\/\/www.lauriweb.it\/innovazione-e-sostenibilita\/#breadcrumb\"},\"inLanguage\":\"de\",\"potentialAction\":[{\"@type\":\"ReadAction\",\"target\":[\"https:\/\/www.lauriweb.it\/innovazione-e-sostenibilita\/\"]}]},{\"@type\":\"BreadcrumbList\",\"@id\":\"https:\/\/www.lauriweb.it\/innovazione-e-sostenibilita\/#breadcrumb\",\"itemListElement\":[{\"@type\":\"ListItem\",\"position\":1,\"name\":\"Home\",\"item\":\"https:\/\/www.lauriweb.it\/\"},{\"@type\":\"ListItem\",\"position\":2,\"name\":\"Innovazione e Sostenibilit\u00e0\"}]},{\"@type\":\"WebSite\",\"@id\":\"https:\/\/www.lauriweb.it\/#website\",\"url\":\"https:\/\/www.lauriweb.it\/\",\"name\":\"Lauri Web\",\"description\":\"Servizi integrati per la Refrigerazione\",\"publisher\":{\"@id\":\"https:\/\/www.lauriweb.it\/#organization\"},\"potentialAction\":[{\"@type\":\"SearchAction\",\"target\":{\"@type\":\"EntryPoint\",\"urlTemplate\":\"https:\/\/www.lauriweb.it\/?s={search_term_string}\"},\"query-input\":\"required name=search_term_string\"}],\"inLanguage\":\"de\"},{\"@type\":\"Organization\",\"@id\":\"https:\/\/www.lauriweb.it\/#organization\",\"name\":\"Lauri Web\",\"url\":\"https:\/\/www.lauriweb.it\/\",\"logo\":{\"@type\":\"ImageObject\",\"inLanguage\":\"de\",\"@id\":\"https:\/\/www.lauriweb.it\/#\/schema\/logo\/image\/\",\"url\":\"https:\/\/www.lauriweb.it\/wp-content\/uploads\/2022\/11\/LAURIWEB.png\",\"contentUrl\":\"https:\/\/www.lauriweb.it\/wp-content\/uploads\/2022\/11\/LAURIWEB.png\",\"width\":601,\"height\":234,\"caption\":\"Lauri Web\"},\"image\":{\"@id\":\"https:\/\/www.lauriweb.it\/#\/schema\/logo\/image\/\"}}]}<\/script>\n<!-- \/ Yoast SEO plugin. -->","yoast_head_json":{"title":"Innovazione e Sostenibilit\u00e0 - Lauri Web","robots":{"index":"index","follow":"follow","max-snippet":"max-snippet:-1","max-image-preview":"max-image-preview:large","max-video-preview":"max-video-preview:-1"},"canonical":"https:\/\/www.lauriweb.it\/de\/innovazione-e-sostenibilita\/","og_locale":"de_DE","og_type":"article","og_title":"Innovazione e Sostenibilit\u00e0 - Lauri Web","og_url":"https:\/\/www.lauriweb.it\/de\/innovazione-e-sostenibilita\/","og_site_name":"Lauri Web","article_modified_time":"2023-04-20T17:47:55+00:00","twitter_card":"summary_large_image","schema":{"@context":"https:\/\/schema.org","@graph":[{"@type":"WebPage","@id":"https:\/\/www.lauriweb.it\/innovazione-e-sostenibilita\/","url":"https:\/\/www.lauriweb.it\/innovazione-e-sostenibilita\/","name":"Innovazione e Sostenibilit\u00e0 - Lauri Web","isPartOf":{"@id":"https:\/\/www.lauriweb.it\/#website"},"datePublished":"2015-09-21T12:50:45+00:00","dateModified":"2023-04-20T17:47:55+00:00","breadcrumb":{"@id":"https:\/\/www.lauriweb.it\/innovazione-e-sostenibilita\/#breadcrumb"},"inLanguage":"de","potentialAction":[{"@type":"ReadAction","target":["https:\/\/www.lauriweb.it\/innovazione-e-sostenibilita\/"]}]},{"@type":"BreadcrumbList","@id":"https:\/\/www.lauriweb.it\/innovazione-e-sostenibilita\/#breadcrumb","itemListElement":[{"@type":"ListItem","position":1,"name":"Home","item":"https:\/\/www.lauriweb.it\/"},{"@type":"ListItem","position":2,"name":"Innovazione e Sostenibilit\u00e0"}]},{"@type":"WebSite","@id":"https:\/\/www.lauriweb.it\/#website","url":"https:\/\/www.lauriweb.it\/","name":"Lauri Web","description":"Servizi integrati per la Refrigerazione","publisher":{"@id":"https:\/\/www.lauriweb.it\/#organization"},"potentialAction":[{"@type":"SearchAction","target":{"@type":"EntryPoint","urlTemplate":"https:\/\/www.lauriweb.it\/?s={search_term_string}"},"query-input":"required name=search_term_string"}],"inLanguage":"de"},{"@type":"Organization","@id":"https:\/\/www.lauriweb.it\/#organization","name":"Lauri Web","url":"https:\/\/www.lauriweb.it\/","logo":{"@type":"ImageObject","inLanguage":"de","@id":"https:\/\/www.lauriweb.it\/#\/schema\/logo\/image\/","url":"https:\/\/www.lauriweb.it\/wp-content\/uploads\/2022\/11\/LAURIWEB.png","contentUrl":"https:\/\/www.lauriweb.it\/wp-content\/uploads\/2022\/11\/LAURIWEB.png","width":601,"height":234,"caption":"Lauri Web"},"image":{"@id":"https:\/\/www.lauriweb.it\/#\/schema\/logo\/image\/"}}]}},"_links":{"self":[{"href":"https:\/\/www.lauriweb.it\/de\/wp-json\/wp\/v2\/pages\/333"}],"collection":[{"href":"https:\/\/www.lauriweb.it\/de\/wp-json\/wp\/v2\/pages"}],"about":[{"href":"https:\/\/www.lauriweb.it\/de\/wp-json\/wp\/v2\/types\/page"}],"author":[{"embeddable":true,"href":"https:\/\/www.lauriweb.it\/de\/wp-json\/wp\/v2\/users\/1"}],"replies":[{"embeddable":true,"href":"https:\/\/www.lauriweb.it\/de\/wp-json\/wp\/v2\/comments?post=333"}],"version-history":[{"count":10,"href":"https:\/\/www.lauriweb.it\/de\/wp-json\/wp\/v2\/pages\/333\/revisions"}],"predecessor-version":[{"id":1392,"href":"https:\/\/www.lauriweb.it\/de\/wp-json\/wp\/v2\/pages\/333\/revisions\/1392"}],"wp:attachment":[{"href":"https:\/\/www.lauriweb.it\/de\/wp-json\/wp\/v2\/media?parent=333"}],"curies":[{"name":"wp","href":"https:\/\/api.w.org\/{rel}","templated":true}]}}