{"id":817,"date":"2022-04-07T19:12:11","date_gmt":"2022-04-07T17:12:11","guid":{"rendered":"http:\/\/www.lauriweb.it\/?page_id=817"},"modified":"2023-04-21T16:14:54","modified_gmt":"2023-04-21T14:14:54","slug":"furgoni-isotermici","status":"publish","type":"page","link":"https:\/\/www.lauriweb.it\/de\/furgoni-isotermici\/","title":{"rendered":"K\u00fchlfahrzeuge"},"content":{"rendered":"<section class='page-content' style=''  ><section class='container'><div class='row' style=''><div class='col-md-6' style='margin-top:45px;' ><div class='custom-heading'>\r\n                            <h2>K\u00dcHLFAHRZEUGE<\/h2>                            \r\n                        <\/div><div class='cma-wysiwyg-editor'><p style=\"text-align: justify;\"><span style=\"color: #000000;\">Dank der vielf\u00e4ltigen M\u00f6glichkeiten zur individuellen Gestaltung des Produkts machen sie den Gro\u00dfteil der in den Werkst\u00e4tten von Lauri hergestellten Ausstattungen aus. Es handelt sich um Fahrzeuge f\u00fcr den kleinen und mittleren Vertrieb, die aufgrund ihrer Flexibilit\u00e4t und Mobilit\u00e4t f\u00fcr jeden Transport geeignet sind.<\/span><\/p><p style=\"text-align: justify;\"><span style=\"color: #000000;\">Die D\u00e4mmung besteht aus aus Platten mit hohem Isolationskoeffizienten, die gleichzeitig sehr leicht sind. Dazu geh\u00f6ren Zubeh\u00f6r und L\u00f6sungen zur individuellen Anpassung des Produkts und des Transports, wie z. B. T\u00fcren, Regale, Haken, F\u00e4cher und Ablagen, um allen Kundenanforderungen gerecht zu werden.<\/span><\/p><p style=\"text-align: justify;\"><span style=\"color: #000000;\">Transportarten: Lebensmittel (vor allem Fleisch und Fisch),  Blumen und Pflanzen, Lebensmittel und Pharmazeutika.<\/span><\/p><\/div><\/div><div class='col-md-6' style='' ><img src='https:\/\/www.lauriweb.it\/wp-content\/uploads\/2023\/01\/furgone20.jpg' class='left' title='furgone20' alt='furgone20' width='800' height='600'\/><div class='clearfix'><\/div><\/div><\/div><\/section><\/section><section class='page-content' style=''  ><section class='container'><div class='row' style=''><div class='col-md-12' style='' ><div class='cma-wysiwyg-editor'><p>\n\t\t<style type=\"text\/css\">\n\t\t\t#gallery-1 {\n\t\t\t\tmargin: auto;\n\t\t\t}\n\t\t\t#gallery-1 .gallery-item {\n\t\t\t\tfloat: left;\n\t\t\t\tmargin-top: 10px;\n\t\t\t\ttext-align: center;\n\t\t\t\twidth: 33%;\n\t\t\t}\n\t\t\t#gallery-1 img {\n\t\t\t\tborder: 2px solid #cfcfcf;\n\t\t\t}\n\t\t\t#gallery-1 .gallery-caption {\n\t\t\t\tmargin-left: 0;\n\t\t\t}\n\t\t\t\/* see gallery_shortcode() in wp-includes\/media.php *\/\n\t\t<\/style>\n\t\t<div id='gallery-1' class='gallery galleryid-817 gallery-columns-3 gallery-size-large'><dl class='gallery-item'>\n\t\t\t<dt class='gallery-icon landscape'>\n\t\t\t\t<a href='https:\/\/www.lauriweb.it\/wp-content\/uploads\/2023\/04\/Isotermic11.jpg'><img width=\"1024\" height=\"683\" src=\"https:\/\/www.lauriweb.it\/wp-content\/uploads\/2023\/04\/Isotermic11-1024x683.jpg\" class=\"attachment-large size-large\" alt=\"Allestimento isotermico \/ Cella isotermica \/ Cella frigo \/ Chassis \/ Furgone \/ Camion \/ Cella frigo \/ motrice \/ sponda montacarichi \/ anteo\" decoding=\"async\" loading=\"lazy\" srcset=\"https:\/\/www.lauriweb.it\/wp-content\/uploads\/2023\/04\/Isotermic11-1024x683.jpg 1024w, https:\/\/www.lauriweb.it\/wp-content\/uploads\/2023\/04\/Isotermic11-300x200.jpg 300w, https:\/\/www.lauriweb.it\/wp-content\/uploads\/2023\/04\/Isotermic11-768x512.jpg 768w, https:\/\/www.lauriweb.it\/wp-content\/uploads\/2023\/04\/Isotermic11.jpg 1200w\" sizes=\"(max-width: 1024px) 100vw, 1024px\" \/><\/a>\n\t\t\t<\/dt><\/dl><dl class='gallery-item'>\n\t\t\t<dt class='gallery-icon landscape'>\n\t\t\t\t<a href='https:\/\/www.lauriweb.it\/wp-content\/uploads\/2023\/04\/Isotermic10.jpg'><img width=\"1024\" height=\"683\" src=\"https:\/\/www.lauriweb.it\/wp-content\/uploads\/2023\/04\/Isotermic10-1024x683.jpg\" class=\"attachment-large size-large\" alt=\"Allestimento isotermico \/ Cella isotermica \/ Cella frigo \/ Chassis \/ Furgone \/ Camion \/ Cella frigo \/ Renault D \/ motrce \/ diesel \/ Thermo King T \/ sottotelaio\" decoding=\"async\" loading=\"lazy\" srcset=\"https:\/\/www.lauriweb.it\/wp-content\/uploads\/2023\/04\/Isotermic10-1024x683.jpg 1024w, https:\/\/www.lauriweb.it\/wp-content\/uploads\/2023\/04\/Isotermic10-300x200.jpg 300w, https:\/\/www.lauriweb.it\/wp-content\/uploads\/2023\/04\/Isotermic10-768x512.jpg 768w, https:\/\/www.lauriweb.it\/wp-content\/uploads\/2023\/04\/Isotermic10.jpg 1200w\" sizes=\"(max-width: 1024px) 100vw, 1024px\" \/><\/a>\n\t\t\t<\/dt><\/dl><dl class='gallery-item'>\n\t\t\t<dt class='gallery-icon landscape'>\n\t\t\t\t<a href='https:\/\/www.lauriweb.it\/wp-content\/uploads\/2023\/04\/Isotermic9.jpg'><img width=\"1024\" height=\"683\" src=\"https:\/\/www.lauriweb.it\/wp-content\/uploads\/2023\/04\/Isotermic9-1024x683.jpg\" class=\"attachment-large size-large\" alt=\"Allestimento isotermico \/ Cella isotermica \/ Cella frigo \/ Chassis \/ Furgone \/ Camion \/ Cella frigo \/ uso negozio \/ decorazioni \/ personalizzazione \/ portelloni idraulici \/ portellone basculante \/ motrice \/ iveco eurocargo\" decoding=\"async\" loading=\"lazy\" srcset=\"https:\/\/www.lauriweb.it\/wp-content\/uploads\/2023\/04\/Isotermic9-1024x683.jpg 1024w, https:\/\/www.lauriweb.it\/wp-content\/uploads\/2023\/04\/Isotermic9-300x200.jpg 300w, https:\/\/www.lauriweb.it\/wp-content\/uploads\/2023\/04\/Isotermic9-768x512.jpg 768w, https:\/\/www.lauriweb.it\/wp-content\/uploads\/2023\/04\/Isotermic9.jpg 1200w\" sizes=\"(max-width: 1024px) 100vw, 1024px\" \/><\/a>\n\t\t\t<\/dt><\/dl><br style=\"clear: both\" \/><dl class='gallery-item'>\n\t\t\t<dt class='gallery-icon landscape'>\n\t\t\t\t<a href='https:\/\/www.lauriweb.it\/wp-content\/uploads\/2023\/04\/Isotermic8.jpg'><img width=\"1024\" height=\"683\" src=\"https:\/\/www.lauriweb.it\/wp-content\/uploads\/2023\/04\/Isotermic8-1024x683.jpg\" class=\"attachment-large size-large\" alt=\"Allestimento isotermico \/ Cella isotermica \/ Cella frigo \/ Chassis \/ Furgone \/ Camion \/ Cella frigo \/ SCANIA \/ motrice \/ sponda montacarichi\" decoding=\"async\" loading=\"lazy\" srcset=\"https:\/\/www.lauriweb.it\/wp-content\/uploads\/2023\/04\/Isotermic8-1024x683.jpg 1024w, https:\/\/www.lauriweb.it\/wp-content\/uploads\/2023\/04\/Isotermic8-300x200.jpg 300w, https:\/\/www.lauriweb.it\/wp-content\/uploads\/2023\/04\/Isotermic8-768x512.jpg 768w, https:\/\/www.lauriweb.it\/wp-content\/uploads\/2023\/04\/Isotermic8.jpg 1200w\" sizes=\"(max-width: 1024px) 100vw, 1024px\" \/><\/a>\n\t\t\t<\/dt><\/dl><dl class='gallery-item'>\n\t\t\t<dt class='gallery-icon landscape'>\n\t\t\t\t<a href='https:\/\/www.lauriweb.it\/wp-content\/uploads\/2023\/04\/Isotermic7.jpg'><img width=\"1024\" height=\"683\" src=\"https:\/\/www.lauriweb.it\/wp-content\/uploads\/2023\/04\/Isotermic7-1024x683.jpg\" class=\"attachment-large size-large\" alt=\"Allestimento isotermico \/ Cella isotermica \/ Cella frigo \/ Chassis \/ Furgone \/ Camion \/ Cella frigo \/ VW Crafter \/ MAN \/ porta laterale \/ Thermo King V500\" decoding=\"async\" loading=\"lazy\" srcset=\"https:\/\/www.lauriweb.it\/wp-content\/uploads\/2023\/04\/Isotermic7-1024x683.jpg 1024w, https:\/\/www.lauriweb.it\/wp-content\/uploads\/2023\/04\/Isotermic7-300x200.jpg 300w, https:\/\/www.lauriweb.it\/wp-content\/uploads\/2023\/04\/Isotermic7-768x512.jpg 768w, https:\/\/www.lauriweb.it\/wp-content\/uploads\/2023\/04\/Isotermic7.jpg 1200w\" sizes=\"(max-width: 1024px) 100vw, 1024px\" \/><\/a>\n\t\t\t<\/dt><\/dl><dl class='gallery-item'>\n\t\t\t<dt class='gallery-icon landscape'>\n\t\t\t\t<a href='https:\/\/www.lauriweb.it\/wp-content\/uploads\/2023\/04\/Isotermic6.jpg'><img width=\"1024\" height=\"683\" src=\"https:\/\/www.lauriweb.it\/wp-content\/uploads\/2023\/04\/Isotermic6-1024x683.jpg\" class=\"attachment-large size-large\" alt=\"Allestimento isotermico \/ Cella isotermica \/ Cella frigo \/ Chassis \/ Furgone \/ Camion \/ Cella frigo \/ scania \/ flotte \/ motrice \/ LMK 5.0\" decoding=\"async\" loading=\"lazy\" srcset=\"https:\/\/www.lauriweb.it\/wp-content\/uploads\/2023\/04\/Isotermic6-1024x683.jpg 1024w, https:\/\/www.lauriweb.it\/wp-content\/uploads\/2023\/04\/Isotermic6-300x200.jpg 300w, https:\/\/www.lauriweb.it\/wp-content\/uploads\/2023\/04\/Isotermic6-768x512.jpg 768w, https:\/\/www.lauriweb.it\/wp-content\/uploads\/2023\/04\/Isotermic6.jpg 1200w\" sizes=\"(max-width: 1024px) 100vw, 1024px\" \/><\/a>\n\t\t\t<\/dt><\/dl><br style=\"clear: both\" \/><dl class='gallery-item'>\n\t\t\t<dt class='gallery-icon landscape'>\n\t\t\t\t<a href='https:\/\/www.lauriweb.it\/wp-content\/uploads\/2023\/04\/Isotermic5.jpg'><img width=\"1024\" height=\"683\" src=\"https:\/\/www.lauriweb.it\/wp-content\/uploads\/2023\/04\/Isotermic5-1024x683.jpg\" class=\"attachment-large size-large\" alt=\"Allestimento isotermico \/ Cella isotermica \/ Cella frigo \/ Chassis \/ Furgone \/ Camion \/ Cella frigo \/ iveco eurocargo \/ motrice \/ portelloni \/ porte a libro \/ porte laterali \/ tutta apertura \/ INOX\" decoding=\"async\" loading=\"lazy\" srcset=\"https:\/\/www.lauriweb.it\/wp-content\/uploads\/2023\/04\/Isotermic5-1024x683.jpg 1024w, https:\/\/www.lauriweb.it\/wp-content\/uploads\/2023\/04\/Isotermic5-300x200.jpg 300w, https:\/\/www.lauriweb.it\/wp-content\/uploads\/2023\/04\/Isotermic5-768x512.jpg 768w, https:\/\/www.lauriweb.it\/wp-content\/uploads\/2023\/04\/Isotermic5.jpg 1200w\" sizes=\"(max-width: 1024px) 100vw, 1024px\" \/><\/a>\n\t\t\t<\/dt><\/dl><dl class='gallery-item'>\n\t\t\t<dt class='gallery-icon landscape'>\n\t\t\t\t<a href='https:\/\/www.lauriweb.it\/wp-content\/uploads\/2023\/04\/Isotermic4.jpg'><img width=\"1024\" height=\"683\" src=\"https:\/\/www.lauriweb.it\/wp-content\/uploads\/2023\/04\/Isotermic4-1024x683.jpg\" class=\"attachment-large size-large\" alt=\"Allestimento isotermico \/ Cella isotermica \/ Cella frigo \/ Chassis \/ Furgone \/ Camion \/ Cella frigo \/ portellone \/ iveco eurocargo \/ porte basculanti \/ porte scorrevoli \/ allestimento negozio \/ motrice\" decoding=\"async\" loading=\"lazy\" srcset=\"https:\/\/www.lauriweb.it\/wp-content\/uploads\/2023\/04\/Isotermic4-1024x683.jpg 1024w, https:\/\/www.lauriweb.it\/wp-content\/uploads\/2023\/04\/Isotermic4-300x200.jpg 300w, https:\/\/www.lauriweb.it\/wp-content\/uploads\/2023\/04\/Isotermic4-768x512.jpg 768w, https:\/\/www.lauriweb.it\/wp-content\/uploads\/2023\/04\/Isotermic4.jpg 1200w\" sizes=\"(max-width: 1024px) 100vw, 1024px\" \/><\/a>\n\t\t\t<\/dt><\/dl><dl class='gallery-item'>\n\t\t\t<dt class='gallery-icon landscape'>\n\t\t\t\t<a href='https:\/\/www.lauriweb.it\/wp-content\/uploads\/2023\/04\/Isotermic3.jpg'><img width=\"1024\" height=\"683\" src=\"https:\/\/www.lauriweb.it\/wp-content\/uploads\/2023\/04\/Isotermic3-1024x683.jpg\" class=\"attachment-large size-large\" alt=\"Allestimento isotermico \/ Cella isotermica \/ Cella frigo \/ Chassis \/ Furgone \/ Camion \/ Cella frigo \/ Dacia \/ motrice \/ tende frangi freddo \/ porte laterali scorrevoli \/ CARRIER SUPRA \/ doppia temperatura\" decoding=\"async\" loading=\"lazy\" srcset=\"https:\/\/www.lauriweb.it\/wp-content\/uploads\/2023\/04\/Isotermic3-1024x683.jpg 1024w, https:\/\/www.lauriweb.it\/wp-content\/uploads\/2023\/04\/Isotermic3-300x200.jpg 300w, https:\/\/www.lauriweb.it\/wp-content\/uploads\/2023\/04\/Isotermic3-768x512.jpg 768w, https:\/\/www.lauriweb.it\/wp-content\/uploads\/2023\/04\/Isotermic3.jpg 1200w\" sizes=\"(max-width: 1024px) 100vw, 1024px\" \/><\/a>\n\t\t\t<\/dt><\/dl><br style=\"clear: both\" \/><dl class='gallery-item'>\n\t\t\t<dt class='gallery-icon landscape'>\n\t\t\t\t<a href='https:\/\/www.lauriweb.it\/wp-content\/uploads\/2023\/04\/Isotermic2.jpg'><img width=\"1024\" height=\"683\" src=\"https:\/\/www.lauriweb.it\/wp-content\/uploads\/2023\/04\/Isotermic2-1024x683.jpg\" class=\"attachment-large size-large\" alt=\"Allestimento isotermico \/ Cella isotermica \/ Cella frigo \/ Chassis \/ Furgone \/ Camion \/ Cella frigo \/ Iveco Eurocargo \/ Porta laterale \/ Gruppo frigo diesel \/ SUPRA \/ Carrier \/ motrice\" decoding=\"async\" loading=\"lazy\" srcset=\"https:\/\/www.lauriweb.it\/wp-content\/uploads\/2023\/04\/Isotermic2-1024x683.jpg 1024w, https:\/\/www.lauriweb.it\/wp-content\/uploads\/2023\/04\/Isotermic2-300x200.jpg 300w, https:\/\/www.lauriweb.it\/wp-content\/uploads\/2023\/04\/Isotermic2-768x512.jpg 768w, https:\/\/www.lauriweb.it\/wp-content\/uploads\/2023\/04\/Isotermic2.jpg 1200w\" sizes=\"(max-width: 1024px) 100vw, 1024px\" \/><\/a>\n\t\t\t<\/dt><\/dl><dl class='gallery-item'>\n\t\t\t<dt class='gallery-icon landscape'>\n\t\t\t\t<a href='https:\/\/www.lauriweb.it\/wp-content\/uploads\/2023\/04\/Isotermic1.jpg'><img width=\"1024\" height=\"683\" src=\"https:\/\/www.lauriweb.it\/wp-content\/uploads\/2023\/04\/Isotermic1-1024x683.jpg\" class=\"attachment-large size-large\" alt=\"Allestimento isotermico \/ Cella isotermica \/ Cella frigo \/ Chassis \/ Furgone \/ Camion \/ Cella frigo \/ Cremagliere \/ paratia \/ alluminio \/ doppia temperatura \/ 5.0 \/ porta laterale\" decoding=\"async\" loading=\"lazy\" srcset=\"https:\/\/www.lauriweb.it\/wp-content\/uploads\/2023\/04\/Isotermic1-1024x683.jpg 1024w, https:\/\/www.lauriweb.it\/wp-content\/uploads\/2023\/04\/Isotermic1-300x200.jpg 300w, https:\/\/www.lauriweb.it\/wp-content\/uploads\/2023\/04\/Isotermic1-768x512.jpg 768w, https:\/\/www.lauriweb.it\/wp-content\/uploads\/2023\/04\/Isotermic1.jpg 1200w\" sizes=\"(max-width: 1024px) 100vw, 1024px\" \/><\/a>\n\t\t\t<\/dt><\/dl><dl class='gallery-item'>\n\t\t\t<dt class='gallery-icon landscape'>\n\t\t\t\t<a href='https:\/\/www.lauriweb.it\/wp-content\/uploads\/2023\/04\/Isotermic.jpg'><img width=\"1024\" height=\"683\" src=\"https:\/\/www.lauriweb.it\/wp-content\/uploads\/2023\/04\/Isotermic-1024x683.jpg\" class=\"attachment-large size-large\" alt=\"Allestimento isotermico \/ Cella isotermica \/ Cella frigo \/ Chassis \/ Furgone \/ Camion \/ MAN TGE \/ VW Crafter \/ LMK 3.5E \/ LMK 3.5 \/ 5.0 \/ Cella frigo\" decoding=\"async\" loading=\"lazy\" srcset=\"https:\/\/www.lauriweb.it\/wp-content\/uploads\/2023\/04\/Isotermic-1024x683.jpg 1024w, https:\/\/www.lauriweb.it\/wp-content\/uploads\/2023\/04\/Isotermic-300x200.jpg 300w, https:\/\/www.lauriweb.it\/wp-content\/uploads\/2023\/04\/Isotermic-768x512.jpg 768w, https:\/\/www.lauriweb.it\/wp-content\/uploads\/2023\/04\/Isotermic.jpg 1200w\" sizes=\"(max-width: 1024px) 100vw, 1024px\" \/><\/a>\n\t\t\t<\/dt><\/dl><br style=\"clear: both\" \/>\n\t\t<\/div>\n<\/p><\/div><\/div><\/div><\/section><\/section>","protected":false},"excerpt":{"rendered":"","protected":false},"author":2,"featured_media":0,"parent":0,"menu_order":0,"comment_status":"closed","ping_status":"closed","template":"","meta":{"inline_featured_image":false,"_mi_skip_tracking":false,"_monsterinsights_sitenote_active":false,"_monsterinsights_sitenote_note":"","_monsterinsights_sitenote_category":0},"yoast_head":"<!-- This site is optimized with the Yoast SEO plugin v20.9 - https:\/\/yoast.com\/wordpress\/plugins\/seo\/ -->\n<title>Furgoni Isotermici - Lauri Web<\/title>\n<meta name=\"robots\" content=\"index, follow, max-snippet:-1, max-image-preview:large, max-video-preview:-1\" \/>\n<link rel=\"canonical\" href=\"https:\/\/www.lauriweb.it\/de\/furgoni-isotermici\/\" \/>\n<meta property=\"og:locale\" content=\"de_DE\" \/>\n<meta property=\"og:type\" content=\"article\" \/>\n<meta property=\"og:title\" content=\"Furgoni Isotermici - Lauri Web\" \/>\n<meta property=\"og:url\" content=\"https:\/\/www.lauriweb.it\/de\/furgoni-isotermici\/\" \/>\n<meta property=\"og:site_name\" content=\"Lauri Web\" \/>\n<meta property=\"article:modified_time\" content=\"2023-04-21T14:14:54+00:00\" \/>\n<meta name=\"twitter:card\" content=\"summary_large_image\" \/>\n<meta name=\"twitter:label1\" content=\"Gesch\u00e4tzte Lesezeit\" \/>\n\t<meta name=\"twitter:data1\" content=\"1\u00a0Minute\" \/>\n<script type=\"application\/ld+json\" class=\"yoast-schema-graph\">{\"@context\":\"https:\/\/schema.org\",\"@graph\":[{\"@type\":\"WebPage\",\"@id\":\"https:\/\/www.lauriweb.it\/furgoni-isotermici\/\",\"url\":\"https:\/\/www.lauriweb.it\/furgoni-isotermici\/\",\"name\":\"Furgoni Isotermici - Lauri Web\",\"isPartOf\":{\"@id\":\"https:\/\/www.lauriweb.it\/#website\"},\"datePublished\":\"2022-04-07T17:12:11+00:00\",\"dateModified\":\"2023-04-21T14:14:54+00:00\",\"breadcrumb\":{\"@id\":\"https:\/\/www.lauriweb.it\/furgoni-isotermici\/#breadcrumb\"},\"inLanguage\":\"de\",\"potentialAction\":[{\"@type\":\"ReadAction\",\"target\":[\"https:\/\/www.lauriweb.it\/furgoni-isotermici\/\"]}]},{\"@type\":\"BreadcrumbList\",\"@id\":\"https:\/\/www.lauriweb.it\/furgoni-isotermici\/#breadcrumb\",\"itemListElement\":[{\"@type\":\"ListItem\",\"position\":1,\"name\":\"Home\",\"item\":\"https:\/\/www.lauriweb.it\/\"},{\"@type\":\"ListItem\",\"position\":2,\"name\":\"Furgoni Isotermici\"}]},{\"@type\":\"WebSite\",\"@id\":\"https:\/\/www.lauriweb.it\/#website\",\"url\":\"https:\/\/www.lauriweb.it\/\",\"name\":\"Lauri Web\",\"description\":\"Servizi integrati per la Refrigerazione\",\"publisher\":{\"@id\":\"https:\/\/www.lauriweb.it\/#organization\"},\"potentialAction\":[{\"@type\":\"SearchAction\",\"target\":{\"@type\":\"EntryPoint\",\"urlTemplate\":\"https:\/\/www.lauriweb.it\/?s={search_term_string}\"},\"query-input\":\"required name=search_term_string\"}],\"inLanguage\":\"de\"},{\"@type\":\"Organization\",\"@id\":\"https:\/\/www.lauriweb.it\/#organization\",\"name\":\"Lauri Web\",\"url\":\"https:\/\/www.lauriweb.it\/\",\"logo\":{\"@type\":\"ImageObject\",\"inLanguage\":\"de\",\"@id\":\"https:\/\/www.lauriweb.it\/#\/schema\/logo\/image\/\",\"url\":\"https:\/\/www.lauriweb.it\/wp-content\/uploads\/2022\/11\/LAURIWEB.png\",\"contentUrl\":\"https:\/\/www.lauriweb.it\/wp-content\/uploads\/2022\/11\/LAURIWEB.png\",\"width\":601,\"height\":234,\"caption\":\"Lauri Web\"},\"image\":{\"@id\":\"https:\/\/www.lauriweb.it\/#\/schema\/logo\/image\/\"}}]}<\/script>\n<!-- \/ Yoast SEO plugin. -->","yoast_head_json":{"title":"Furgoni Isotermici - Lauri Web","robots":{"index":"index","follow":"follow","max-snippet":"max-snippet:-1","max-image-preview":"max-image-preview:large","max-video-preview":"max-video-preview:-1"},"canonical":"https:\/\/www.lauriweb.it\/de\/furgoni-isotermici\/","og_locale":"de_DE","og_type":"article","og_title":"Furgoni Isotermici - Lauri Web","og_url":"https:\/\/www.lauriweb.it\/de\/furgoni-isotermici\/","og_site_name":"Lauri Web","article_modified_time":"2023-04-21T14:14:54+00:00","twitter_card":"summary_large_image","twitter_misc":{"Gesch\u00e4tzte Lesezeit":"1\u00a0Minute"},"schema":{"@context":"https:\/\/schema.org","@graph":[{"@type":"WebPage","@id":"https:\/\/www.lauriweb.it\/furgoni-isotermici\/","url":"https:\/\/www.lauriweb.it\/furgoni-isotermici\/","name":"Furgoni Isotermici - Lauri Web","isPartOf":{"@id":"https:\/\/www.lauriweb.it\/#website"},"datePublished":"2022-04-07T17:12:11+00:00","dateModified":"2023-04-21T14:14:54+00:00","breadcrumb":{"@id":"https:\/\/www.lauriweb.it\/furgoni-isotermici\/#breadcrumb"},"inLanguage":"de","potentialAction":[{"@type":"ReadAction","target":["https:\/\/www.lauriweb.it\/furgoni-isotermici\/"]}]},{"@type":"BreadcrumbList","@id":"https:\/\/www.lauriweb.it\/furgoni-isotermici\/#breadcrumb","itemListElement":[{"@type":"ListItem","position":1,"name":"Home","item":"https:\/\/www.lauriweb.it\/"},{"@type":"ListItem","position":2,"name":"Furgoni Isotermici"}]},{"@type":"WebSite","@id":"https:\/\/www.lauriweb.it\/#website","url":"https:\/\/www.lauriweb.it\/","name":"Lauri Web","description":"Servizi integrati per la Refrigerazione","publisher":{"@id":"https:\/\/www.lauriweb.it\/#organization"},"potentialAction":[{"@type":"SearchAction","target":{"@type":"EntryPoint","urlTemplate":"https:\/\/www.lauriweb.it\/?s={search_term_string}"},"query-input":"required name=search_term_string"}],"inLanguage":"de"},{"@type":"Organization","@id":"https:\/\/www.lauriweb.it\/#organization","name":"Lauri Web","url":"https:\/\/www.lauriweb.it\/","logo":{"@type":"ImageObject","inLanguage":"de","@id":"https:\/\/www.lauriweb.it\/#\/schema\/logo\/image\/","url":"https:\/\/www.lauriweb.it\/wp-content\/uploads\/2022\/11\/LAURIWEB.png","contentUrl":"https:\/\/www.lauriweb.it\/wp-content\/uploads\/2022\/11\/LAURIWEB.png","width":601,"height":234,"caption":"Lauri Web"},"image":{"@id":"https:\/\/www.lauriweb.it\/#\/schema\/logo\/image\/"}}]}},"_links":{"self":[{"href":"https:\/\/www.lauriweb.it\/de\/wp-json\/wp\/v2\/pages\/817"}],"collection":[{"href":"https:\/\/www.lauriweb.it\/de\/wp-json\/wp\/v2\/pages"}],"about":[{"href":"https:\/\/www.lauriweb.it\/de\/wp-json\/wp\/v2\/types\/page"}],"author":[{"embeddable":true,"href":"https:\/\/www.lauriweb.it\/de\/wp-json\/wp\/v2\/users\/2"}],"replies":[{"embeddable":true,"href":"https:\/\/www.lauriweb.it\/de\/wp-json\/wp\/v2\/comments?post=817"}],"version-history":[{"count":14,"href":"https:\/\/www.lauriweb.it\/de\/wp-json\/wp\/v2\/pages\/817\/revisions"}],"predecessor-version":[{"id":1308,"href":"https:\/\/www.lauriweb.it\/de\/wp-json\/wp\/v2\/pages\/817\/revisions\/1308"}],"wp:attachment":[{"href":"https:\/\/www.lauriweb.it\/de\/wp-json\/wp\/v2\/media?parent=817"}],"curies":[{"name":"wp","href":"https:\/\/api.w.org\/{rel}","templated":true}]}}