{"id":888,"date":"2022-04-27T12:29:36","date_gmt":"2022-04-27T10:29:36","guid":{"rendered":"http:\/\/www.lauriweb.it\/?page_id=888"},"modified":"2026-01-15T17:26:53","modified_gmt":"2026-01-15T16:26:53","slug":"certificazioni","status":"publish","type":"page","link":"https:\/\/www.lauriweb.it\/de\/certificazioni\/","title":{"rendered":"Zertifizierungen und Auszeichnungen"},"content":{"rendered":"<section class='page-content' style=''  ><section class='container'><div class='row' style=''><div class='col-md-12' style='' ><div class='custom-heading centered'>\r\n                            <h3>ZERTIFIZIERUNGEN<\/h3>\r\n                        <\/div><div class='cma-wysiwyg-editor'><p style=\"text-align: left;\">Unsere Qualit\u00e4tspolitik ist ein Entwicklungsfaktor und nicht nur ein Organisationsinstrument. \u00a0<\/p><p style=\"text-align: left;\">Sie zielt darauf ab, die Effektivit\u00e4t und Effizienz der internen Prozesse zu steigern, die Wettbewerbsf\u00e4higkeit auf den M\u00e4rkten durch die <strong>Verbesserung der Kundenzufriedenheit<\/strong> und -bindung in Bezug auf die angebotenen Produkte und Dienstleistungen zu erh\u00f6hen und die\u00a0<strong>Unternehmensleistung kontinuierlich<\/strong> zu verbessern.<\/p><hr \/><p style=\"text-align: left;\"><strong>UNI EN ISO 9001: 2015<\/strong><\/p><p>Die Norm legt die Anforderungen an ein Qualit\u00e4tsmanagementsystem fest, wenn eine Organisation:<\/p><div>a) ihre F\u00e4higkeit unter Beweis stellen muss, regelm\u00e4\u00dfig Produkte oder Dienstleistungen zu liefern, die den Kundenanforderungen und den geltenden gesetzlichen Anforderungen entsprechen<\/div><div>b) die Kundenzufriedenheit durch die wirksame Anwendung des Systems steigern m\u00f6chte, einschlie\u00dflich der Prozesse zur Verbesserung des Systems selbst und zur Gew\u00e4hrleistung der Konformit\u00e4t mit den Kundenanforderungen und den geltenden gesetzlichen Anforderungen.<\/div><div>Alle Anforderungen sind allgemeiner Natur und sollen f\u00fcr alle Organisationen gelten, unabh\u00e4ngig von ihrer Art oder Gr\u00f6\u00dfe oder den gelieferten Produkten und Dienstleistungen.<\/div><p style=\"text-align: center;\">\u00a0<\/p><\/div><\/div><\/div><div class='row' style=''><div class='col-md-4' style='' ><a href='https:\/\/www.lauriweb.it\/wp-content\/uploads\/2024\/11\/LAUMOD004_Politica_Aziendale.pdf' ><img src='https:\/\/www.lauriweb.it\/wp-content\/uploads\/2024\/11\/LAUMOD004_Politica_Aziendale_page-0001.jpg' class='center' title='LAUMOD004_Politica_Aziendale_page-0001' alt='LAUMOD004_Politica_Aziendale_page-0001' width='1240' height='1755'\/><\/a><div class='clearfix'><\/div><\/div><div class='col-md-4' style='' ><a href='https:\/\/www.lauriweb.it\/wp-content\/uploads\/2026\/01\/ISO-9001_2015_TUV-NORD-2026-_Italiano.pdf' ><img src='https:\/\/www.lauriweb.it\/wp-content\/uploads\/2026\/01\/TUV-Nord-2026.png' class='center' title='TUV Nord 2026' alt='TUV Nord 2026' width='1700' height='2402'\/><\/a><div class='clearfix'><\/div><\/div><div class='col-md-4' style='' ><a href='https:\/\/www.lauriweb.it\/wp-content\/uploads\/2023\/01\/ALLESTITORE-STELLANTIS.pdf' ><img src='https:\/\/www.lauriweb.it\/wp-content\/uploads\/2023\/01\/ALLESTITORE-STELLANTIS.jpg' class='center' title='ALLESTITORE-STELLANTIS' alt='ALLESTITORE-STELLANTIS' width='1646' height='2331'\/><\/a><div class='clearfix'><\/div><\/div><\/div><\/section><\/section><section class='page-content' style=''  ><section class='container'><div class='row' style=''><div class='col-md-4' style='' ><img src='https:\/\/www.lauriweb.it\/wp-content\/uploads\/2026\/01\/ISO-9001_en_regular-RGB.png' class='center' title='ISO-9001_en_regular-RGB' alt='ISO-9001_en_regular-RGB' width='284' height='284'\/><div class='clearfix'><\/div><\/div><div class='col-md-4' style='' ><img src='https:\/\/www.lauriweb.it\/wp-content\/uploads\/2022\/04\/cartificazioni2.png' class='center' title='cartificazioni2' alt='cartificazioni2' width='600' height='467'\/><div class='clearfix'><\/div><\/div><div class='col-md-4 empty' style='' ><\/div><\/div><\/section><\/section><section class='page-content' style=''  ><section class='container'><div class='row' style=''><div class='col-md-12' style='' ><div class='custom-heading centered'>\r\n                            <h3>AUSZEICHNUNGEN<\/h3>\r\n                        <\/div><\/div><\/div><\/section><\/section><section class='page-content' style=''  ><section class='container'><div class='row' style=''><div class='col-md-4' style='' ><a href='https:\/\/www.lauriweb.it\/wp-content\/uploads\/2023\/01\/ALLESTITORE-OPEL.pdf' ><img src='https:\/\/www.lauriweb.it\/wp-content\/uploads\/2023\/01\/ALLESTITORE-OPEL.jpg' class='center' title='ALLESTITORE-OPEL' alt='ALLESTITORE-OPEL' width='2331' height='1646'\/><\/a><div class='clearfix'><\/div><\/div><div class='col-md-4' style='' ><a href='https:\/\/www.lauriweb.it\/wp-content\/uploads\/2023\/01\/ALLESTITORE-RENAULT.pdf' ><img src='https:\/\/www.lauriweb.it\/wp-content\/uploads\/2023\/01\/ALLESTITORE-RENAULT.jpg' class='center' title='ALLESTITORE-RENAULT' alt='ALLESTITORE-RENAULT' width='2331' height='1646'\/><\/a><div class='clearfix'><\/div><\/div><div class='col-md-4 empty' style='' ><\/div><\/div><\/section><\/section>","protected":false},"excerpt":{"rendered":"","protected":false},"author":2,"featured_media":0,"parent":0,"menu_order":0,"comment_status":"closed","ping_status":"closed","template":"","meta":{"inline_featured_image":false,"_mi_skip_tracking":false,"_monsterinsights_sitenote_active":false,"_monsterinsights_sitenote_note":"","_monsterinsights_sitenote_category":0},"yoast_head":"<!-- This site is optimized with the Yoast SEO plugin v20.9 - https:\/\/yoast.com\/wordpress\/plugins\/seo\/ -->\n<title>Certificazioni e Riconoscimenti - Lauri Web<\/title>\n<meta name=\"robots\" content=\"index, follow, max-snippet:-1, max-image-preview:large, max-video-preview:-1\" \/>\n<link rel=\"canonical\" href=\"https:\/\/www.lauriweb.it\/de\/certificazioni\/\" \/>\n<meta property=\"og:locale\" content=\"de_DE\" \/>\n<meta property=\"og:type\" content=\"article\" \/>\n<meta property=\"og:title\" content=\"Certificazioni e Riconoscimenti - Lauri Web\" \/>\n<meta property=\"og:url\" content=\"https:\/\/www.lauriweb.it\/de\/certificazioni\/\" \/>\n<meta property=\"og:site_name\" content=\"Lauri Web\" \/>\n<meta property=\"article:modified_time\" content=\"2026-01-15T16:26:53+00:00\" \/>\n<meta name=\"twitter:card\" content=\"summary_large_image\" \/>\n<script type=\"application\/ld+json\" class=\"yoast-schema-graph\">{\"@context\":\"https:\/\/schema.org\",\"@graph\":[{\"@type\":\"WebPage\",\"@id\":\"https:\/\/www.lauriweb.it\/certificazioni\/\",\"url\":\"https:\/\/www.lauriweb.it\/certificazioni\/\",\"name\":\"Certificazioni e Riconoscimenti - Lauri Web\",\"isPartOf\":{\"@id\":\"https:\/\/www.lauriweb.it\/#website\"},\"datePublished\":\"2022-04-27T10:29:36+00:00\",\"dateModified\":\"2026-01-15T16:26:53+00:00\",\"breadcrumb\":{\"@id\":\"https:\/\/www.lauriweb.it\/certificazioni\/#breadcrumb\"},\"inLanguage\":\"de\",\"potentialAction\":[{\"@type\":\"ReadAction\",\"target\":[\"https:\/\/www.lauriweb.it\/certificazioni\/\"]}]},{\"@type\":\"BreadcrumbList\",\"@id\":\"https:\/\/www.lauriweb.it\/certificazioni\/#breadcrumb\",\"itemListElement\":[{\"@type\":\"ListItem\",\"position\":1,\"name\":\"Home\",\"item\":\"https:\/\/www.lauriweb.it\/\"},{\"@type\":\"ListItem\",\"position\":2,\"name\":\"Certificazioni e Riconoscimenti\"}]},{\"@type\":\"WebSite\",\"@id\":\"https:\/\/www.lauriweb.it\/#website\",\"url\":\"https:\/\/www.lauriweb.it\/\",\"name\":\"Lauri Web\",\"description\":\"Servizi integrati per la Refrigerazione\",\"publisher\":{\"@id\":\"https:\/\/www.lauriweb.it\/#organization\"},\"potentialAction\":[{\"@type\":\"SearchAction\",\"target\":{\"@type\":\"EntryPoint\",\"urlTemplate\":\"https:\/\/www.lauriweb.it\/?s={search_term_string}\"},\"query-input\":\"required name=search_term_string\"}],\"inLanguage\":\"de\"},{\"@type\":\"Organization\",\"@id\":\"https:\/\/www.lauriweb.it\/#organization\",\"name\":\"Lauri Web\",\"url\":\"https:\/\/www.lauriweb.it\/\",\"logo\":{\"@type\":\"ImageObject\",\"inLanguage\":\"de\",\"@id\":\"https:\/\/www.lauriweb.it\/#\/schema\/logo\/image\/\",\"url\":\"https:\/\/www.lauriweb.it\/wp-content\/uploads\/2022\/11\/LAURIWEB.png\",\"contentUrl\":\"https:\/\/www.lauriweb.it\/wp-content\/uploads\/2022\/11\/LAURIWEB.png\",\"width\":601,\"height\":234,\"caption\":\"Lauri Web\"},\"image\":{\"@id\":\"https:\/\/www.lauriweb.it\/#\/schema\/logo\/image\/\"}}]}<\/script>\n<!-- \/ Yoast SEO plugin. -->","yoast_head_json":{"title":"Certificazioni e Riconoscimenti - Lauri Web","robots":{"index":"index","follow":"follow","max-snippet":"max-snippet:-1","max-image-preview":"max-image-preview:large","max-video-preview":"max-video-preview:-1"},"canonical":"https:\/\/www.lauriweb.it\/de\/certificazioni\/","og_locale":"de_DE","og_type":"article","og_title":"Certificazioni e Riconoscimenti - Lauri Web","og_url":"https:\/\/www.lauriweb.it\/de\/certificazioni\/","og_site_name":"Lauri Web","article_modified_time":"2026-01-15T16:26:53+00:00","twitter_card":"summary_large_image","schema":{"@context":"https:\/\/schema.org","@graph":[{"@type":"WebPage","@id":"https:\/\/www.lauriweb.it\/certificazioni\/","url":"https:\/\/www.lauriweb.it\/certificazioni\/","name":"Certificazioni e Riconoscimenti - Lauri Web","isPartOf":{"@id":"https:\/\/www.lauriweb.it\/#website"},"datePublished":"2022-04-27T10:29:36+00:00","dateModified":"2026-01-15T16:26:53+00:00","breadcrumb":{"@id":"https:\/\/www.lauriweb.it\/certificazioni\/#breadcrumb"},"inLanguage":"de","potentialAction":[{"@type":"ReadAction","target":["https:\/\/www.lauriweb.it\/certificazioni\/"]}]},{"@type":"BreadcrumbList","@id":"https:\/\/www.lauriweb.it\/certificazioni\/#breadcrumb","itemListElement":[{"@type":"ListItem","position":1,"name":"Home","item":"https:\/\/www.lauriweb.it\/"},{"@type":"ListItem","position":2,"name":"Certificazioni e Riconoscimenti"}]},{"@type":"WebSite","@id":"https:\/\/www.lauriweb.it\/#website","url":"https:\/\/www.lauriweb.it\/","name":"Lauri Web","description":"Servizi integrati per la Refrigerazione","publisher":{"@id":"https:\/\/www.lauriweb.it\/#organization"},"potentialAction":[{"@type":"SearchAction","target":{"@type":"EntryPoint","urlTemplate":"https:\/\/www.lauriweb.it\/?s={search_term_string}"},"query-input":"required name=search_term_string"}],"inLanguage":"de"},{"@type":"Organization","@id":"https:\/\/www.lauriweb.it\/#organization","name":"Lauri Web","url":"https:\/\/www.lauriweb.it\/","logo":{"@type":"ImageObject","inLanguage":"de","@id":"https:\/\/www.lauriweb.it\/#\/schema\/logo\/image\/","url":"https:\/\/www.lauriweb.it\/wp-content\/uploads\/2022\/11\/LAURIWEB.png","contentUrl":"https:\/\/www.lauriweb.it\/wp-content\/uploads\/2022\/11\/LAURIWEB.png","width":601,"height":234,"caption":"Lauri Web"},"image":{"@id":"https:\/\/www.lauriweb.it\/#\/schema\/logo\/image\/"}}]}},"_links":{"self":[{"href":"https:\/\/www.lauriweb.it\/de\/wp-json\/wp\/v2\/pages\/888"}],"collection":[{"href":"https:\/\/www.lauriweb.it\/de\/wp-json\/wp\/v2\/pages"}],"about":[{"href":"https:\/\/www.lauriweb.it\/de\/wp-json\/wp\/v2\/types\/page"}],"author":[{"embeddable":true,"href":"https:\/\/www.lauriweb.it\/de\/wp-json\/wp\/v2\/users\/2"}],"replies":[{"embeddable":true,"href":"https:\/\/www.lauriweb.it\/de\/wp-json\/wp\/v2\/comments?post=888"}],"version-history":[{"count":22,"href":"https:\/\/www.lauriweb.it\/de\/wp-json\/wp\/v2\/pages\/888\/revisions"}],"predecessor-version":[{"id":1510,"href":"https:\/\/www.lauriweb.it\/de\/wp-json\/wp\/v2\/pages\/888\/revisions\/1510"}],"wp:attachment":[{"href":"https:\/\/www.lauriweb.it\/de\/wp-json\/wp\/v2\/media?parent=888"}],"curies":[{"name":"wp","href":"https:\/\/api.w.org\/{rel}","templated":true}]}}