{"id":1085,"date":"2023-01-11T10:34:34","date_gmt":"2023-01-11T09:34:34","guid":{"rendered":"http:\/\/www.lauriweb.it\/?page_id=1085"},"modified":"2023-04-27T15:49:37","modified_gmt":"2023-04-27T13:49:37","slug":"servizi-2","status":"publish","type":"page","link":"https:\/\/www.lauriweb.it\/en\/servizi-2\/","title":{"rendered":"Services"},"content":{"rendered":"<section class='page-content' style=''  ><section class='container'><div class='row' style=''><div class='col-md-12' style='' ><div class='custom-heading centered'>\r\n                            <h2>Our Services<\/h2>\r\n                        <\/div><\/div><\/div><\/section><\/section><section class='page-content pt-0 column-img-bkg custom-background color-background' style='background-color: #f6f6f6;'  ><section class='container-fluid' style='padding-left: 0; padding-right: 0;'><div class='row row-equal-height' style='margin-bottom: 0px ;'><div class='col-md-2  empty' style='' ><\/div><div class='col-md-4' style='padding-top:120px;padding-bottom:120px;padding-left:70px;padding-right:70px;' ><div class='custom-heading'>\r\n                            <h3>ATP RENOWALS<\/h3>                            \r\n                        <\/div><div class='cma-wysiwyg-editor'><p style=\"text-align: justify;\">is the acronym <strong>A.T.P.<\/strong> of \u201cAccord relatif aux Transports internationaux de denr\u00e9es P\u00e9rissables et aux engins sp\u00e9ciaux \u00e0 utiliser pour ces transports\u201d, an international agreement that regulates the transport on road of perishable foodstuffs.<\/p><p style=\"text-align: justify;\">The ATP legislation regulates the conditions about vehicles upfitting with attention to thermal dissipation and refrigeration for transport of goods at controlled temperatures.<\/p><\/div><\/div><div class='col-md-6 custom-col-padding-both empty custom-background image-background' style='background-image: url(https:\/\/www.lauriweb.it\/wp-content\/uploads\/2023\/01\/Servizi1.jpg);' ><\/div><\/div><\/section><\/section><section class='page-content' style=''  ><section class='container-fluid' style='padding-left: 0; padding-right: 0;'><div class='row row-equal-height' style='margin-bottom: 0px ;'><div class='col-md-6 costum-col-padding-both empty custom-background image-background' style='background-image: url(https:\/\/www.lauriweb.it\/wp-content\/uploads\/2023\/01\/Servizi2.jpg);' ><\/div><div class='col-md-4' style='padding-top:120px;padding-bottom:120px;padding-left:70px;padding-right:70px;' ><div class='custom-heading'>\r\n                            <h3>AFTER SALES AND REPAIRS<\/h3>                            \r\n                        <\/div><div class='cma-wysiwyg-editor'><p style=\"text-align: justify;\">Lauri takes care of fridge units maintenance and repairs thanks to refrigeration experts.<\/p><p style=\"text-align: justify;\">Not just sale of the product but compete technical suppor is offered to customers so to obtain extended product efficiency and performance.<\/p><\/div><\/div><div class='col-md-2 empty' style='' ><\/div><\/div><\/section><\/section><section class='page-content pt-0 custom-background color-background' style='background-color: #f6f6f6;margin-bottom: 70px;'  ><section class='container-fluid' style='padding-left: 0; padding-right: 0;'><div class='row row-equal-height' style='margin-bottom: 0px ;'><div class='col-md-2 empty' style='' ><\/div><div class='col-md-4' style='padding-top:120px;padding-bottom:120px;padding-left:70px;padding-right:70px;' ><div class='custom-heading'>\r\n                            <h3>PERSONALISATIONS<\/h3>                            \r\n                        <\/div><div class='cma-wysiwyg-editor'><p style=\"text-align: justify;\">Lauri SRL is able to guarantee customized solutions for isothermal installations. Each project is carried out on the specific needs of the customer and according to each type of transport.<\/p><p style=\"text-align: justify;\">The upfitting is completed by a vast range of items and accessories. The finishing accessories used (locks, hinges, mudguards, external profiles, etc.) are exclusively in stainless steel.<\/p><p style=\"text-align: justify;\">Quality, durability and reliability allowed Lauri to become a recognized firm in the transport refrigeration.<\/p><\/div><\/div><div class='col-md-6  empty custom-background image-background' style='background-image: url(https:\/\/www.lauriweb.it\/wp-content\/uploads\/2023\/01\/Servizi3.jpg);' ><\/div><\/div><\/section><\/section>","protected":false},"excerpt":{"rendered":"","protected":false},"author":2,"featured_media":0,"parent":0,"menu_order":0,"comment_status":"closed","ping_status":"closed","template":"","meta":{"inline_featured_image":false,"_mi_skip_tracking":false,"_monsterinsights_sitenote_active":false,"_monsterinsights_sitenote_note":"","_monsterinsights_sitenote_category":0},"yoast_head":"<!-- This site is optimized with the Yoast SEO plugin v20.9 - https:\/\/yoast.com\/wordpress\/plugins\/seo\/ -->\n<title>Servizi - Lauri Web<\/title>\n<meta name=\"robots\" content=\"index, follow, max-snippet:-1, max-image-preview:large, max-video-preview:-1\" \/>\n<link rel=\"canonical\" href=\"https:\/\/www.lauriweb.it\/en\/servizi-2\/\" \/>\n<meta property=\"og:locale\" content=\"en_GB\" \/>\n<meta property=\"og:type\" content=\"article\" \/>\n<meta property=\"og:title\" content=\"Servizi - Lauri Web\" \/>\n<meta property=\"og:url\" content=\"https:\/\/www.lauriweb.it\/en\/servizi-2\/\" \/>\n<meta property=\"og:site_name\" content=\"Lauri Web\" \/>\n<meta property=\"article:modified_time\" content=\"2023-04-27T13:49:37+00:00\" \/>\n<meta name=\"twitter:card\" content=\"summary_large_image\" \/>\n<meta name=\"twitter:label1\" content=\"Estimated reading time\" \/>\n\t<meta name=\"twitter:data1\" content=\"3 minutes\" \/>\n<script type=\"application\/ld+json\" class=\"yoast-schema-graph\">{\"@context\":\"https:\/\/schema.org\",\"@graph\":[{\"@type\":\"WebPage\",\"@id\":\"https:\/\/www.lauriweb.it\/servizi-2\/\",\"url\":\"https:\/\/www.lauriweb.it\/servizi-2\/\",\"name\":\"Servizi - Lauri Web\",\"isPartOf\":{\"@id\":\"https:\/\/www.lauriweb.it\/#website\"},\"datePublished\":\"2023-01-11T09:34:34+00:00\",\"dateModified\":\"2023-04-27T13:49:37+00:00\",\"breadcrumb\":{\"@id\":\"https:\/\/www.lauriweb.it\/servizi-2\/#breadcrumb\"},\"inLanguage\":\"en-GB\",\"potentialAction\":[{\"@type\":\"ReadAction\",\"target\":[\"https:\/\/www.lauriweb.it\/servizi-2\/\"]}]},{\"@type\":\"BreadcrumbList\",\"@id\":\"https:\/\/www.lauriweb.it\/servizi-2\/#breadcrumb\",\"itemListElement\":[{\"@type\":\"ListItem\",\"position\":1,\"name\":\"Home\",\"item\":\"https:\/\/www.lauriweb.it\/\"},{\"@type\":\"ListItem\",\"position\":2,\"name\":\"Servizi\"}]},{\"@type\":\"WebSite\",\"@id\":\"https:\/\/www.lauriweb.it\/#website\",\"url\":\"https:\/\/www.lauriweb.it\/\",\"name\":\"Lauri Web\",\"description\":\"Servizi integrati per la Refrigerazione\",\"publisher\":{\"@id\":\"https:\/\/www.lauriweb.it\/#organization\"},\"potentialAction\":[{\"@type\":\"SearchAction\",\"target\":{\"@type\":\"EntryPoint\",\"urlTemplate\":\"https:\/\/www.lauriweb.it\/?s={search_term_string}\"},\"query-input\":\"required name=search_term_string\"}],\"inLanguage\":\"en-GB\"},{\"@type\":\"Organization\",\"@id\":\"https:\/\/www.lauriweb.it\/#organization\",\"name\":\"Lauri Web\",\"url\":\"https:\/\/www.lauriweb.it\/\",\"logo\":{\"@type\":\"ImageObject\",\"inLanguage\":\"en-GB\",\"@id\":\"https:\/\/www.lauriweb.it\/#\/schema\/logo\/image\/\",\"url\":\"https:\/\/www.lauriweb.it\/wp-content\/uploads\/2022\/11\/LAURIWEB.png\",\"contentUrl\":\"https:\/\/www.lauriweb.it\/wp-content\/uploads\/2022\/11\/LAURIWEB.png\",\"width\":601,\"height\":234,\"caption\":\"Lauri Web\"},\"image\":{\"@id\":\"https:\/\/www.lauriweb.it\/#\/schema\/logo\/image\/\"}}]}<\/script>\n<!-- \/ Yoast SEO plugin. -->","yoast_head_json":{"title":"Servizi - Lauri Web","robots":{"index":"index","follow":"follow","max-snippet":"max-snippet:-1","max-image-preview":"max-image-preview:large","max-video-preview":"max-video-preview:-1"},"canonical":"https:\/\/www.lauriweb.it\/en\/servizi-2\/","og_locale":"en_GB","og_type":"article","og_title":"Servizi - Lauri Web","og_url":"https:\/\/www.lauriweb.it\/en\/servizi-2\/","og_site_name":"Lauri Web","article_modified_time":"2023-04-27T13:49:37+00:00","twitter_card":"summary_large_image","twitter_misc":{"Estimated reading time":"3 minutes"},"schema":{"@context":"https:\/\/schema.org","@graph":[{"@type":"WebPage","@id":"https:\/\/www.lauriweb.it\/servizi-2\/","url":"https:\/\/www.lauriweb.it\/servizi-2\/","name":"Servizi - Lauri Web","isPartOf":{"@id":"https:\/\/www.lauriweb.it\/#website"},"datePublished":"2023-01-11T09:34:34+00:00","dateModified":"2023-04-27T13:49:37+00:00","breadcrumb":{"@id":"https:\/\/www.lauriweb.it\/servizi-2\/#breadcrumb"},"inLanguage":"en-GB","potentialAction":[{"@type":"ReadAction","target":["https:\/\/www.lauriweb.it\/servizi-2\/"]}]},{"@type":"BreadcrumbList","@id":"https:\/\/www.lauriweb.it\/servizi-2\/#breadcrumb","itemListElement":[{"@type":"ListItem","position":1,"name":"Home","item":"https:\/\/www.lauriweb.it\/"},{"@type":"ListItem","position":2,"name":"Servizi"}]},{"@type":"WebSite","@id":"https:\/\/www.lauriweb.it\/#website","url":"https:\/\/www.lauriweb.it\/","name":"Lauri Web","description":"Servizi integrati per la Refrigerazione","publisher":{"@id":"https:\/\/www.lauriweb.it\/#organization"},"potentialAction":[{"@type":"SearchAction","target":{"@type":"EntryPoint","urlTemplate":"https:\/\/www.lauriweb.it\/?s={search_term_string}"},"query-input":"required name=search_term_string"}],"inLanguage":"en-GB"},{"@type":"Organization","@id":"https:\/\/www.lauriweb.it\/#organization","name":"Lauri Web","url":"https:\/\/www.lauriweb.it\/","logo":{"@type":"ImageObject","inLanguage":"en-GB","@id":"https:\/\/www.lauriweb.it\/#\/schema\/logo\/image\/","url":"https:\/\/www.lauriweb.it\/wp-content\/uploads\/2022\/11\/LAURIWEB.png","contentUrl":"https:\/\/www.lauriweb.it\/wp-content\/uploads\/2022\/11\/LAURIWEB.png","width":601,"height":234,"caption":"Lauri Web"},"image":{"@id":"https:\/\/www.lauriweb.it\/#\/schema\/logo\/image\/"}}]}},"_links":{"self":[{"href":"https:\/\/www.lauriweb.it\/en\/wp-json\/wp\/v2\/pages\/1085"}],"collection":[{"href":"https:\/\/www.lauriweb.it\/en\/wp-json\/wp\/v2\/pages"}],"about":[{"href":"https:\/\/www.lauriweb.it\/en\/wp-json\/wp\/v2\/types\/page"}],"author":[{"embeddable":true,"href":"https:\/\/www.lauriweb.it\/en\/wp-json\/wp\/v2\/users\/2"}],"replies":[{"embeddable":true,"href":"https:\/\/www.lauriweb.it\/en\/wp-json\/wp\/v2\/comments?post=1085"}],"version-history":[{"count":7,"href":"https:\/\/www.lauriweb.it\/en\/wp-json\/wp\/v2\/pages\/1085\/revisions"}],"predecessor-version":[{"id":1118,"href":"https:\/\/www.lauriweb.it\/en\/wp-json\/wp\/v2\/pages\/1085\/revisions\/1118"}],"wp:attachment":[{"href":"https:\/\/www.lauriweb.it\/en\/wp-json\/wp\/v2\/media?parent=1085"}],"curies":[{"name":"wp","href":"https:\/\/api.w.org\/{rel}","templated":true}]}}